{"id":1425,"date":"2022-10-02T22:44:05","date_gmt":"2022-10-02T22:44:05","guid":{"rendered":"https:\/\/bangkeohanam.com\/?post_type=product&#038;p=1425"},"modified":"2023-03-14T10:51:16","modified_gmt":"2023-03-14T10:51:16","slug":"bang-dinh-chong-tham-chong-dot-3","status":"publish","type":"product","link":"https:\/\/bangkeohanam.com\/?product=bang-dinh-chong-tham-chong-dot-3","title":{"rendered":"B\u0103ng d\u00ednh ch\u1ed1ng th\u1ea5m, ch\u1ed1ng d\u1ed9t"},"content":{"rendered":"<div>B\u0103ng d\u00ednh ch\u1ed1ng th\u1ea5m l\u00e0 s\u1ea3n ph\u1ea9m si\u00eau d\u00ednh \u2013 si\u00eau ch\u1ed1ng th\u1ea5m gi\u00fap d\u00e1n v\u00e0 s\u1eeda ch\u1eefa c\u00e1c v\u1ebft d\u00f2 r\u1ec9 tr\u00ean m\u1ecdi b\u1ec1 m\u1eb7t, ngay c\u1ea3 tr\u00ean b\u1ec1 m\u1eb7t \u1ea9m \u01b0\u1edbt v\u1edbi \u0111\u1ed9 b\u1ec1n cao m\u00e0 l\u1ea1i ti\u1ebft ki\u1ec7m chi ph\u00ed.<\/div>\n<h3>Th\u00f4ng s\u1ed1 k\u1ef9 thu\u1eadt c\u1ee7a b\u0103ng d\u00ednh ch\u1ed1ng d\u1ed9t<\/h3>\n<p><img loading=\"lazy\" decoding=\"async\" class=\"aligncenter wp-image-220 size-large\" src=\"https:\/\/bangkeohanam.com\/wp-content\/uploads\/2020\/10\/bang-dinh-chong-tham-1024x768.jpg\" alt=\"\" width=\"1020\" height=\"765\" \/><\/p>\n<ul>\n<li>Kh\u1ed5: 50mm x 5M<\/li>\n<li>K\u00edch th\u01b0\u1edbc s\u1ea3n ph\u1ea9m: 115 mm x 115 mm x 50 mm<\/li>\n<li>K\u00edch th\u01b0\u1edbc \u0111\u00f3ng g\u00f3i: 125 mm x 125 mm x 60 mm<\/li>\n<li>Kh\u1ed1i l\u01b0\u1ee3ng: 428g<\/li>\n<\/ul>\n<h3><strong>T\u00ednh n\u0103ng s\u1ea3n ph\u1ea9m b\u0103ng d\u00ednh ch\u1ed1ng th\u1ea5m<\/strong><\/h3>\n<p><strong><img loading=\"lazy\" decoding=\"async\" class=\"aligncenter wp-image-221 size-full\" src=\"https:\/\/bangkeohanam.com\/wp-content\/uploads\/2020\/10\/chong-tham.jpg\" alt=\"\" width=\"400\" height=\"400\" \/><\/strong><\/p>\n<div>&#8211; Keo d\u00ednh ch\u1ed1ng th\u1ea5m \u0111\u01b0\u1ee3c c\u00e1n m\u1ed9t l\u1edbp keo \u0111\u1eb7c d\u00e0y v\u1edbi t\u00ednh li\u00ean k\u1ebft c\u1ef1c cao v\u00e0 l\u1edbp keo c\u1ef1c k\u1ef3 ch\u1eafc, \u0111\u00e3 d\u00e1n l\u00e0 kh\u00f4ng th\u1ec3 b\u00f3c ra \u0111\u01b0\u1ee3c, ch\u1ecbu n\u01b0\u1edbc, ch\u1ecbu nhi\u1ec7t, ch\u1ed1ng th\u1ea5m ho\u00e0n h\u1ea3o tr\u00ean m\u1ecdi b\u1ec1 m\u1eb7t.<\/div>\n<div>&#8211; B\u0103ng keo c\u00f3 \u0111\u1ed9 dai v\u00e0 \u0111\u1ed9 b\u1ec1n cao, l\u1ea1i c\u00f3 kh\u1ea3 n\u0103ng ch\u1ecbu nhi\u1ec7t \u0111\u1ed9 cao do c\u00f3 m\u00e0ng c\u00e1ch nhi\u1ec7t \u1edf tr\u00ean c\u00f9ng r\u1ea5t ph\u00f9 h\u1ee3p \u0111\u1ec3 d\u00e1n tr\u00ean m\u00e1i t\u00f4n.<\/div>\n<div>&#8211; B\u0103ng keo d\u00e0i 5m c\u00f3 th\u1ec3 \u0111\u1ee7 s\u1eed d\u1ee5ng trong nhi\u1ec1u n\u0103m cho nh\u1eefng l\u1ed7i d\u00f2 d\u1ec9 nh\u1ecf v\u00e0 c\u00f3 th\u1ec3 b\u1ecbt l\u1ea1i t\u1ea5t c\u1ea3 c\u00e1c l\u1ed7 th\u1ee7ng, l\u1ed7 h\u1ed5ng c\u1ea3 to, c\u1ea3 nh\u1ecf hay c\u00e1c v\u1ebft n\u1ee9t, h\u1edf ho\u1eb7c b\u1ecb v\u1ee1 &#8230;.<\/div>\n<div>&#8211; \u0110\u01b0\u1ee3c s\u1eed d\u1ee5ng trong c\u00e1c m\u00f4i tr\u01b0\u1eddng \u1ea9m \u01b0\u1edbt, kh\u00f4, n\u00f3ng, l\u1ea1nh v\u00e0 th\u1eadm ch\u00ed l\u00e0 c\u1ea3 d\u01b0\u1edbi n\u01b0\u1edbc. Ngay c\u1ea3 khi v\u1eadt d\u1ee5ng \u0111ang b\u1ecb r\u00f2 r\u1ec9 n\u01b0\u1edbc,ch\u00fang ta ch\u1ec9 c\u1ea7n d\u00e1n \u0111\u00e8 mi\u1ebfng b\u0103ng d\u00ednh l\u00ean ch\u1ed7 b\u1ecb th\u1ee7ng l\u00e0 c\u00f3 th\u1ec3 gi\u1ea3i quy\u1ebft nhanh g\u1ecdn l\u1ed7 th\u1ee7ng.<\/div>\n<div>&#8211; \u0110\u01b0\u1ee3c s\u1eed d\u1ee5ng tr\u00ean t\u1ea5t c\u1ea3 c\u00e1c ch\u1ea5t li\u1ec7u: Kim lo\u1ea1i, nh\u1ef1a, g\u1ed7, cao su, k\u00ednh, t\u01b0\u1eddng, b\u00ea t\u00f4ng, g\u1ea1ch men, g\u1ed1m s\u1eef, v\u1ea3i b\u1ea1t, m\u00e1i t\u00f4n, inox &#8230; k\u1ec3 c\u1ea3 tr\u00ean b\u1ec1 m\u1eb7t s\u01a1n ch\u1ed1ng d\u00ednh<\/div>\n<div>&#8211; S\u1ea3n ph\u1ea9m kh\u00f4ng b\u1ecb Oxy h\u00f3a , d\u1ec5 s\u1eed d\u1ee5ng l\u1ea1i an to\u00e0n v\u00e0 th\u00e2n thi\u1ec7n v\u1edbi m\u00f4i tr\u01b0\u1eddng, c\u00f3 kh\u1ea3 n\u0103ng ch\u1ed1ng tia c\u1ef1c t\u00edm, ch\u1ed1ng th\u1ea5m, ch\u1ed1ng \u0103n m\u00f2n h\u00f3a h\u1ecdc v\u1edbi tu\u1ed5i th\u1ecd l\u00e2u d\u00e0i.<\/div>\n<div>&#8211; S\u1ea3n ph\u1ea9m si\u00eau k\u1ebft d\u00ednh v\u1edbi t\u1ea5t c\u1ea3 c\u00e1c lo\u1ea1i v\u1eadt li\u1ec7u, c\u1ef1c k\u00ec hi\u1ec7u qu\u1ea3 v\u00e0 ti\u1ebft ki\u1ec7m chi ph\u00ed.<\/div>\n<h3><strong>C\u1ea5u t\u1ea1o c\u1ee7a b\u0103ng keo ch\u1ed1ng th\u1ea5m &#8211; ch\u1ed1ng d\u1ed9t<br \/>\n<\/strong><\/h3>\n<div>&#8211; \u0110\u1ea7u ti\u00ean l\u00e0 l\u1edbp m\u00e0ng nh\u00f4m ngo\u00e0i c\u00f9ng, gi\u00fap ch\u1ed1ng oxy h\u00f3a, ng\u0103n tia c\u1ef1c t\u00edm, l\u00e0m gi\u1ea3m qu\u00e1 tr\u00ecnh ph\u00e2n hu\u1ef7 l\u1edbp keo b\u00ean trong, ch\u1ed1ng th\u1ea5m v\u00e0 ch\u1ed1ng m\u00e0i m\u00f2n.<\/div>\n<div>&#8211; Th\u1ee9 2 l\u00e0 l\u1edbp ph\u00f4i b\u1ea1c cao c\u1ea5p gi\u00fap c\u00e1ch nhi\u1ec7t, kh\u1ea3 n\u0103ng ch\u1ecbu nhi\u1ec7t t\u1eeb\u00a0 &#8211; 40\uf0b0C \u2013 120\uf0b0C.<\/div>\n<div>&#8211; Th\u1ee9 3 l\u00e0 l\u1edbp keo d\u00ednh t\u1eeb m\u1ee7 cao su non d\u00e0y 1.3mm c\u00f3 th\u1ec3 li\u00ean k\u1ebft tr\u00ean h\u1ea7u h\u1ebft m\u1ecdi b\u1ec1 m\u1eb7t v\u1eadt li\u1ec7u\u2026 l\u1edbp keo c\u1ef1c k\u1ef3 ch\u1eafc, \u0111\u00e3 d\u00e1n l\u00e0 kh\u00f4ng th\u1ec3 b\u00f3c ra \u0111\u01b0\u1ee3c.<\/div>\n<div>&#8211; Th\u1ee9 4 l\u00e0 l\u1edbp m\u00e0ng ch\u1ed1ng d\u00ednh m\u00e0u \u0111en \u0111\u1ec3 b\u1ea3o v\u1ec7 keo d\u00e1n, d\u1ec5 d\u00e0ng b\u00f3c b\u1ecf.<\/div>\n<h3><strong>\u1ee8ng d\u1ee5ng c\u1ee7a b\u0103ng d\u00ednh ch\u1ed1ng th\u1ea5m<\/strong><\/h3>\n<div>&#8211; Gi\u00fap d\u00e1n v\u00e0 v\u00e1 c\u00e1c v\u1ebft n\u1ee9t t\u1eebng g\u1ea1ch, r\u00f2 n\u01b0\u1edbc t\u1ea1i c\u00e1c m\u00e9p c\u1eeda, v\u1ee1 \u1ed1ng PVC, m\u00e1i t\u00f4n b\u1ecb d\u1ed9t, th\u1ee7ng v\u00f2i silicon, gh\u00e9p k\u00ednh v\u1ee1,\u2026<\/div>\n<div>&#8211; Gi\u00fap b\u1ecbt \u1ed1ng n\u01b0\u1edbc b\u1ecb v\u1ee1 (k\u1ec3 c\u1ea3 \u1ed1ng n\u01b0\u1edbc n\u00f3ng, ch\u1eadu ho\u1eb7c x\u00f4 b\u1ecb th\u1ee7ng) v\u00e0 b\u1ecbt \u1ed1ng gi\u00f3 b\u1ecb h\u1edf \u2026<\/div>\n<div>&#8211; Gi\u00fap v\u00e1 m\u00e1i t\u00f4n b\u1ecb th\u1ee7ng, tr\u1ea7n nh\u00e0 b\u1ecb d\u1ed9t khi tr\u1eddi m\u01b0a, ch\u1ed1ng th\u1ea5m t\u01b0\u1eddng b\u00ea t\u00f4ng th\u1ea5m n\u01b0\u1edbc<\/div>\n<div>&#8211; Gi\u00fap v\u00e1 c\u00e1c v\u1ebft n\u1ee9t, v\u1ebft r\u1ea1n \u1edf m\u1ecdi v\u1eadt d\u1ee5ng nh\u01b0 b\u00ecnh n\u01b0\u1edbc, x\u00f4, ch\u1eadu, v\u00f2i nh\u1ef1a, c\u00e1c v\u1ebft th\u1ee7ng ho\u1eb7c b\u1ecb ch\u00e2m kim \u0111\u1ed1i v\u1edbi Phao b\u01a1i, b\u1ec3 b\u01a1i cao su, c\u00e1c con th\u00fa b\u01a1m h\u01a1i, c\u00e1c v\u1eadn d\u1ee5ng gia \u0111\u00ecnh ho\u1eb7c c\u00e1c \u0111\u1ed3 ch\u01a1i b\u01a1m h\u01a1i kh\u00e1c &#8230;\u2026<\/div>\n<div>&#8211; Ch\u1ed1ng th\u1ea5m b\u1ec3 n\u01b0\u1edbc b\u1eb1ng inox ho\u1eb7c b\u00ea t\u00f4ng b\u1ecb th\u1ee7ng ho\u1eb7c b\u1ecb gi\u00f2 r\u1ec9 n\u01b0\u1edbc b\u1ec3 n\u01b0\u1edbc, &#8230;<\/div>\n<div>&#8211; D\u00e1n ch\u1ed1ng th\u1ea5m b\u1ec3 b\u01a1i, ch\u1ed1ng th\u1ea5m phao, xu\u1ed3ng, thuy\u1ec1n, ch\u1ed1ng th\u1ea5m n\u1ed9i ngo\u1ea1i th\u1ea5t \u00d4 t\u00f4. V\u00e1,x\u1eed l\u00fd, d\u00e1n b\u1ea1t \u00f4 t\u00f4, b\u1ea1t \u0111\u1ea7m nu\u00f4i t\u00f4m b\u1ecb th\u1ee7ng<\/div>\n<div>Ngo\u00e0i ra, b\u0103ng keo ch\u1ed1ng th\u1ea5m \u2013 ch\u1ed1ng d\u1ed9t c\u1ee7a <strong>DHN TAPE H\u00e0 Nam<\/strong> c\u00f2n c\u00f3 th\u1ec3 d\u00e1n v\u00e0 v\u00e1 c\u00e1c v\u1ebft n\u1ee9t, v\u1ebft r\u1ea1n \u1edf m\u1ecdi v\u1eadt d\u1ee5ng v\u00e0 h\u00e0ng tr\u0103m c\u00e1c v\u1ea5n \u0111\u1ec1 kh\u00e1c trong gia \u0111\u00ecnh m\u1ed9t c\u00e1ch nhanh ch\u00f3ng<\/div>\n","protected":false},"excerpt":{"rendered":"<div class=\"product-short-description\">\n<ul>\n<li><strong>Xu\u1ea5t x\u1ee9: <\/strong>DHN TAPE H\u00e0 Nam<\/li>\n<li><strong>T\u00ecnh tr\u1ea1ng:<\/strong>C\u00f2n h\u00e0ng<\/li>\n<li><strong>Gi\u00e1 b\u00e1n: <\/strong><span class=\"sell\"><strong> Li\u00ean h\u1ec7 ngay \u0111\u1ec3 \u0111\u01b0\u1ee3c gi\u00e1 t\u1ed1t<\/strong><\/span><\/li>\n<\/ul>\n<\/div>\n","protected":false},"featured_media":1426,"comment_status":"open","ping_status":"closed","template":"","meta":[],"class_list":{"0":"post-1425","1":"product","2":"type-product","3":"status-publish","4":"has-post-thumbnail","6":"product_cat-hat-chong-am","7":"product_tag-bang-dinh-chong-tham","9":"first","10":"instock","11":"shipping-taxable","12":"product-type-simple"},"_links":{"self":[{"href":"https:\/\/bangkeohanam.com\/index.php?rest_route=\/wp\/v2\/product\/1425","targetHints":{"allow":["GET"]}}],"collection":[{"href":"https:\/\/bangkeohanam.com\/index.php?rest_route=\/wp\/v2\/product"}],"about":[{"href":"https:\/\/bangkeohanam.com\/index.php?rest_route=\/wp\/v2\/types\/product"}],"replies":[{"embeddable":true,"href":"https:\/\/bangkeohanam.com\/index.php?rest_route=%2Fwp%2Fv2%2Fcomments&post=1425"}],"version-history":[{"count":1,"href":"https:\/\/bangkeohanam.com\/index.php?rest_route=\/wp\/v2\/product\/1425\/revisions"}],"predecessor-version":[{"id":1428,"href":"https:\/\/bangkeohanam.com\/index.php?rest_route=\/wp\/v2\/product\/1425\/revisions\/1428"}],"wp:featuredmedia":[{"embeddable":true,"href":"https:\/\/bangkeohanam.com\/index.php?rest_route=\/wp\/v2\/media\/1426"}],"wp:attachment":[{"href":"https:\/\/bangkeohanam.com\/index.php?rest_route=%2Fwp%2Fv2%2Fmedia&parent=1425"}],"curies":[{"name":"wp","href":"https:\/\/api.w.org\/{rel}","templated":true}]}}