{"id":1429,"date":"2022-10-02T22:44:05","date_gmt":"2022-10-02T22:44:05","guid":{"rendered":"https:\/\/bangkeohanam.com\/?post_type=product&#038;p=1429"},"modified":"2023-03-14T10:51:17","modified_gmt":"2023-03-14T10:51:17","slug":"bang-keo-dien-3","status":"publish","type":"product","link":"https:\/\/bangkeohanam.com\/?product=bang-keo-dien-3","title":{"rendered":"B\u0103ng keo \u0111i\u1ec7n"},"content":{"rendered":"<h2>B\u0103ng d\u00ednh \u0111i\u1ec7n pvc \u0111ang \u0111\u01b0\u1ee3c s\u1eed d\u1ee5ng r\u1ea5t ph\u1ed5 bi\u1ebfn trong gia \u0111\u00ecnh v\u00e0 c\u00e1c ng\u00e0nh ngh\u1ec1 kh\u00e1c hi\u1ec7n nay. B\u00e0i vi\u1ebft s\u1ebd gi\u00fap b\u1ea1n bi\u1ebft r\u00f5 h\u01a1n v\u1ec1 <strong>c\u1ea5u t\u1ea1o v\u00e0 nh\u1eefng c\u00f4ng d\u1ee5ng h\u1eefu \u00edch do s\u1ea3n ph\u1ea9m n\u00e0y <\/strong>\u0111em l\u1ea1i cho cu\u1ed9c s\u1ed1ng h\u00e0ng ng\u00e0y c\u1ee7a ch\u00fang ta.<\/h2>\n<h3><strong>C\u1ea5u t\u1ea1o c\u1ee7a b\u0103ng d\u00ednh \u0111i\u1ec7n pvc nhi\u1ec1u m\u00e0u s\u1eafc<br \/>\n<\/strong><\/h3>\n<p>Th\u01b0\u1eddng th\u00ec c\u00e1c lo\u1ea1i <a href=\"https:\/\/bangkeohanam.com\/\">b\u0103ng d\u00ednh \u0111i\u1ec7n pvc<\/a> \u0111\u1ec1u \u0111\u01b0\u1ee3c l\u00e0m b\u1eb1ng ch\u1ea5t li\u1ec7u PVC (Polyvinyl clorua) v\u00e0 m\u1ed9t s\u1ed1 ch\u1ea5t ph\u1ee5 gia kh\u00e1c. C\u1ea5u t\u1ea1o c\u01a1 b\u1ea3n c\u1ee7a c\u00e1c lo\u1ea1i b\u0103ng d\u00ednh \u0111i\u1ec7n nh\u01b0 sau:<\/p>\n<p>&#8211; Keo \u0111\u1eb7c ch\u1ee7ng c\u00f3 th\u00e0nh ph\u1ea7n b\u00e1m d\u00ednh ch\u1ed1ng nhi\u1ec7t v\u00e0 c\u00e1ch \u0111i\u1ec7n.<\/p>\n<p>&#8211; M\u00e0ng film PVC nhi\u1ec1u m\u00e0u t\u1ea1o cho c\u00e1c s\u1ea3n ph\u1ea9m c\u00f3 nhi\u1ec1u m\u00e0u s\u1eafc phong ph\u00fa, \u0111a d\u1ea1ng.<\/p>\n<p>Keo c\u1ee7a b\u0103ng d\u00ednh \u0111i\u1ec7n r\u1ea5t d\u1ec5 b\u00e1m d\u00ednh v\u00e0o c\u00e1c b\u1ec1 m\u1eb7t v\u00e0 c\u00f3 d\u1ed9 d\u00ednh ch\u1eafc ch\u1eafn. N\u00f3 c\u00f2n c\u00f3 th\u1ec3 c\u00e1ch \u0111i\u1ec7n trong m\u00f4i tr\u01b0\u1eddng nhi\u1ec7t \u0111\u1ed9 cao trong th\u1eddi gian l\u00e2u m\u00e0 kh\u00f4ng b\u1ecb n\u00f3ng ch\u1ea3y hay bong keo.<\/p>\n<p>M\u00e0ng c\u1ee7a b\u0103ng d\u00ednh \u0111i\u1ec7n c\u00f3 kh\u1ea3 n\u0103ng ch\u1ed1ng m\u00e0i m\u00f2n, c\u00f3 th\u1ec3 l\u00e0m vi\u1ec7c li\u00ean t\u1ee5c \u1edf c\u00e1c m\u00f4i tr\u01b0\u1eddng \u0111\u1ed9 \u1ea9m cao, m\u00f4i tr\u01b0\u1eddng ki\u1ec1m, m\u00f4i tr\u01b0\u1eddng axit, c\u00f3 m\u1ed9t s\u1ed1 lo\u1ea1i c\u00f3 th\u1ec3 ch\u1ed1ng tia t\u1eed ngo\u1ea1i v\u00e0 c\u00f3 th\u1ec3 ch\u1ed1ng ch\u00e1y.<\/p>\n<p>C\u00e1c lo\u1ea1i b\u0103ng d\u00ednh \u0111\u1ec1u c\u00f3 th\u1ec3 th\u00edch nghi v\u1edbi c\u00e1c m\u00f4i tr\u01b0\u1eddng kh\u00e1c nhau n\u00ean n\u00f3 \u0111\u01b0\u1ee3c \u1ee9ng d\u1ee5ng trong r\u1ea5t nhi\u1ec1u ng\u00e0nh ngh\u1ec1.<\/p>\n<p><img loading=\"lazy\" decoding=\"async\" class=\"aligncenter wp-image-289 size-large\" src=\"https:\/\/bangkeohanam.com\/wp-content\/uploads\/2020\/10\/bang-keo-dien-DHN TAPE-2-1024x500.jpg\" alt=\"\" width=\"1020\" height=\"498\" \/><\/p>\n<h3><strong>C\u00f4ng d\u1ee5ng c\u1ee7a b\u0103ng d\u00ednh \u0111i\u1ec7n<br \/>\n<\/strong><\/h3>\n<p><em>&#8211; Thay th\u1ebf v\u1ecf ngo\u00e0i c\u1ee7a d\u00e2y \u0111i\u1ec7n n\u1ebfu ch\u1eb3ng may b\u1ecb \u0111\u1ee9t<\/em><\/p>\n<p>B\u0103ng d\u00ednh \u0111i\u1ec7n \u0111en c\u0169ng nh\u01b0 c\u00e1c lo\u1ea1i b\u0103ng d\u00ednh \u0111i\u1ec7n kh\u00e1c l\u00e0 c\u00f3 kh\u1ea3 n\u0103ng c\u00e1ch \u0111i\u1ec7n v\u1edbi m\u00f4i tr\u01b0\u1eddng xung quanh, \u0111\u1eb7c \u0111i\u1ec3m n\u00e0y gi\u00fap ta c\u00f3 th\u1ec3 d\u00f9ng n\u00f3 \u0111\u1ec3 n\u1ed1i c\u00e1c lo\u1ea1i d\u00e2y \u0111i\u1ec7n khi b\u1ecb \u0111\u1ee9t do s\u1ef1 c\u1ed1 nh\u01b0 d\u00e2y tivi, d\u00e2y t\u1ee7 l\u1ea1nh, d\u00e2y n\u1ed3i c\u01a1n \u0111i\u1ec7n, d\u00e2y s\u1ea1c \u0111i\u1ec7n tho\u1ea1i, d\u00e2y tai nghe, d\u00e2y \u0111i\u1ec7n m\u00e1y t\u00ednh,&#8230; \u0110\u1ea3m b\u1ea3o s\u1ef1 an to\u00e0n ch\u00f3 ng\u01b0\u1eddi s\u1eed d\u1ee5ng.<\/p>\n<p>B\u1eb1ng v\u00e0i thao t\u00e1c \u0111\u01a1n gi\u1ea3n l\u00e0 b\u1ea1n \u0111\u00e3 c\u00f3 th\u1ec3 kh\u1eafc ph\u1ee5c \u0111\u01b0\u1ee3c d\u00e2y \u0111i\u1ec7n b\u1ecb \u0111\u1ee9t. C\u00e1ch th\u1ef1c hi\u1ec7n nh\u01b0 sau: D\u00f9ng dao ho\u1eb7c k\u00e9o c\u1eaft d\u00e2y \u0111i\u1ec7n l\u00e0m \u0111\u00f4i, n\u1ebfu \u0111\u00e3 \u0111\u1ee9t \u0111\u00f4i th\u00ec gi\u1eef nguy\u00ean. Sau \u0111\u00f3, d\u00f9ng b\u1eadt l\u1eeda ho\u1eb7c dao \u0111\u1ec3 l\u1ed9t ph\u1ea7n v\u1ecf b\u00ean ngo\u00e0i c\u1ee7a hai \u0111\u1ea7u d\u00e2y m\u00e0 c\u00e1c b\u1ea1n v\u1eeba c\u1eaft ta \u0111\u1ebfn khi ph\u1ea7n l\u00f5i \u0111\u1ed3ng b\u00ean trong \u0111\u01b0\u1ee3c l\u1ed9 ra. Tu\u1ef3 thu\u1ed9c v\u00e0 m\u1ed1i n\u1ed1i m\u00e0 ta b\u1ecf l\u1edbp v\u1ecf b\u00ean ngo\u00e0i d\u00e0i hay ng\u1eafn. Ti\u1ebfp theo c\u00e1c b\u1ea1n \u0111\u1ea5u c\u00e1c d\u00e2y \u0111\u1ed3ng v\u00e0o v\u1edbi nhau theo \u0111\u00fang m\u00e0u d\u00e2y, r\u1ed3i d\u00f9ng\u00a0b\u0103ng d\u00ednh \u0111i\u1ec7n cu\u1ed1n ri\u00eang t\u1eebng m\u1ed1i n\u1ed1i m\u1ed9t, v\u00ec n\u00f3 c\u00f3 t\u00ednh n\u0103ng c\u00e1ch di\u1ec7n n\u00ean c\u00f3 th\u1ec3 thay th\u1ebf l\u1edbp v\u1ecf b\u00ean ngo\u00e0i c\u1ee7a d\u00e2y \u0111i\u1ec7n, kh\u00f4ng g\u00e2y ra hi\u1ec7n t\u01b0\u1ee3ng ch\u1eadp \u0111i\u1ec7n.<\/p>\n<p><img loading=\"lazy\" decoding=\"async\" class=\"aligncenter wp-image-290 size-full\" src=\"https:\/\/bangkeohanam.com\/wp-content\/uploads\/2020\/10\/bang-keo-dien-DHN TAPE.jpg\" alt=\"\" width=\"720\" height=\"960\" \/><\/p>\n<p><em>&#8211; D\u00f9ng \u0111\u1ec3 b\u1ecdc, c\u00e1ch \u0111i\u1ec7n cho c\u00e1c chi ti\u1ebft \u0111i\u1ec7n t\u1eed, n\u1ed1i d\u00e2y \u0111i\u1ec7n, l\u00f5i \u0111i\u1ec7n v\u00e0 nhi\u1ec1u \u1ee9ng d\u1ee5ng kh\u00e1c<\/em><\/p>\n<p>S\u1ea3n ph\u1ea9m \u0111\u01b0\u1ee3c d\u00f9ng nhi\u1ec1u nh\u1ea5t l\u00e0 trong c\u00e1c nh\u00e0 m\u00e1y \u0111i\u1ec7n, c\u00e1c ng\u00e0nh c\u00f4ng nghi\u1ec7p nh\u01b0: C\u00f4ng nghi\u1ec7p \u0111i\u1ec7n t\u1eed, c\u00f4ng nghi\u1ec7p c\u01a1 kh\u00ed, c\u00f4ng nghi\u1ec7p m\u00e1y t\u00ednh, c\u00f4ng nghi\u1ec7p th\u1ef1c ph\u1ea9m h\u00e0ng ti\u00eau d\u00f9ng,&#8230; S\u1ea3n ph\u1ea9m c\u0169ng \u0111\u01b0\u1ee3c s\u1eed d\u1ee5ng trong nhi\u1ec1u l\u0129nh v\u1ef1c kh\u00e1c nh\u01b0: X\u00e2y d\u1ef1ng, s\u1ea3n xu\u1ea5t, gi\u00e1o d\u1ee5c&#8230; . T\u00f9y v\u00e0o m\u1ee5c \u0111\u00edch s\u1eed d\u1ee5ng c\u1ee7a m\u1ed7i ng\u00e0nh m\u00e0 ch\u00fang s\u1ebd \u0111\u01b0\u1ee3c \u1ee9ng d\u1ee5ng ph\u00f9 h\u1ee3p nh\u1ea5t, ph\u00e1t huy kh\u1ea3 n\u0103ng c\u00e1ch \u0111i\u1ec7n c\u1ee7a m\u00ecnh.<\/p>\n<p>Hi\u1ec7n nay vi\u1ec7c n\u1ed1i d\u00e2y \u0111i\u1ec7n \u1edf b\u00ean ngo\u00e0i c\u1ee7a c\u00e1c nh\u00e0 m\u00e1y ho\u1eb7c c\u00e1c c\u00f4ng tr\u00ecnh ng\u00e0y c\u00e0ng nhi\u1ec1u, \u0111\u1ec3 gi\u00fap cho c\u00e1c d\u00e2y \u0111i\u1ec7n kh\u00f4ng b\u1ecb l\u00f2ng th\u00f2ng xu\u1ed1ng g\u00e2y nguy hi\u1ec3m cho c\u00f4ng nh\u00e2n l\u00e0m vi\u1ec7c. T\u00e1c d\u1ee5ng \u0111\u1eb7c bi\u1ec7t c\u1ee7a <strong>b\u0103ng d\u00ednh \u0111i\u1ec7n \u0111en<\/strong> trong tr\u01b0\u1eddng h\u1ee3p n\u00e0y l\u00e0: C\u00e1c c\u00f4ng ty th\u01b0\u1eddng s\u1eed d\u1ee5ng\u00a0b\u0103ng d\u00ednh c\u00e1ch \u0111i\u1ec7n\u00a0\u0111\u1ec3 bu\u1ed9c ch\u1eb7t c\u00e1c d\u00e2y \u0111i\u1ec7n l\u1ea1i v\u1edbi nhau. Ngo\u00e0i ra, ch\u00fang c\u0169ng \u0111\u01b0\u1ee3c d\u00f9ng trong nhi\u1ec1u v\u1ecb tr\u00ed nh\u01b0 m\u00e1i tr\u1ea7n, \u1ed1ng d\u00e2y \u0111i\u1ec7n n\u1ed5i, \u00e2m t\u01b0\u1eddng \u0111\u1ec3 \u0111\u1ea3m b\u1ea3o an to\u00e0n cho \u0111\u01b0\u1eddng d\u00e2y d\u1eabn \u0111i\u1ec7n.<\/p>\n","protected":false},"excerpt":{"rendered":"<div class=\"product-short-description\">\n<ul>\n<li><strong>Xu\u1ea5t x\u1ee9: <\/strong>DHN TAPE H\u00e0 Nam<\/li>\n<li><strong>T\u00ecnh tr\u1ea1ng:<\/strong>C\u00f2n h\u00e0ng<\/li>\n<li><strong>Gi\u00e1 b\u00e1n: <\/strong><span class=\"sell\"><strong> Li\u00ean h\u1ec7 ngay \u0111\u1ec3 \u0111\u01b0\u1ee3c gi\u00e1 t\u1ed1t<\/strong><\/span><\/li>\n<\/ul>\n<\/div>\n","protected":false},"featured_media":0,"comment_status":"closed","ping_status":"closed","template":"","meta":[],"class_list":{"0":"post-1429","1":"product","2":"type-product","3":"status-publish","5":"product_cat-hat-chong-am","7":"first","8":"instock","9":"shipping-taxable","10":"product-type-simple"},"_links":{"self":[{"href":"https:\/\/bangkeohanam.com\/index.php?rest_route=\/wp\/v2\/product\/1429","targetHints":{"allow":["GET"]}}],"collection":[{"href":"https:\/\/bangkeohanam.com\/index.php?rest_route=\/wp\/v2\/product"}],"about":[{"href":"https:\/\/bangkeohanam.com\/index.php?rest_route=\/wp\/v2\/types\/product"}],"replies":[{"embeddable":true,"href":"https:\/\/bangkeohanam.com\/index.php?rest_route=%2Fwp%2Fv2%2Fcomments&post=1429"}],"version-history":[{"count":1,"href":"https:\/\/bangkeohanam.com\/index.php?rest_route=\/wp\/v2\/product\/1429\/revisions"}],"predecessor-version":[{"id":1430,"href":"https:\/\/bangkeohanam.com\/index.php?rest_route=\/wp\/v2\/product\/1429\/revisions\/1430"}],"wp:attachment":[{"href":"https:\/\/bangkeohanam.com\/index.php?rest_route=%2Fwp%2Fv2%2Fmedia&parent=1429"}],"curies":[{"name":"wp","href":"https:\/\/api.w.org\/{rel}","templated":true}]}}