{"id":1443,"date":"2022-10-02T22:44:06","date_gmt":"2022-10-02T22:44:06","guid":{"rendered":"https:\/\/bangkeohanam.com\/?post_type=product&#038;p=1443"},"modified":"2023-03-14T10:51:26","modified_gmt":"2023-03-14T10:51:26","slug":"jumbo-bang-dinh-dan-san-3","status":"publish","type":"product","link":"https:\/\/bangkeohanam.com\/?product=jumbo-bang-dinh-dan-san-3","title":{"rendered":"Jumbo b\u0103ng d\u00ednh d\u00e1n s\u00e0n"},"content":{"rendered":"<p>Ch\u00fang t\u00f4i chuy\u00ean s\u1ea3n xu\u1ea5t, cung c\u1ea5p jumbo b\u0103ng d\u00ednh d\u00e1n n\u1ec1n,d\u00e1n s\u00e0n theo y\u00eau c\u1ea7u, quy c\u00e1ch c\u1ee7a kh\u00e1ch h\u00e0ng \u0111\u01b0a ra v\u00e0 cam k\u1ebft v\u1ec1 d\u1ecbch v\u1ee5, ch\u1ea5t l\u01b0\u1ee3ng m\u00e0 ch\u00fang t\u00f4i \u0111em \u0111\u1ebfn<\/p>\n<p>Xin li\u00ean h\u1ec7 v\u1edbi ch\u00fang t\u00f4i \u0111\u1ec3 c\u00f3 \u0111\u01b0\u1ee3c gi\u00e1 c\u1ea3 t\u1ed1t nh\u1ea5t<\/p>\n<p><img loading=\"lazy\" decoding=\"async\" class=\"aligncenter wp-image-337 size-full\" src=\"https:\/\/bangkeohanam.com\/wp-content\/uploads\/2020\/10\/jumbo-bang-dinh-gian-san.jpg\" alt=\"\" width=\"670\" height=\"503\" \/><\/p>\n","protected":false},"excerpt":{"rendered":"<div class=\"product-short-description\">\n<ul>\n<li><strong>Xu\u1ea5t x\u1ee9: <\/strong>DHN TAPE H\u00e0 Nam<\/li>\n<li><strong>T\u00ecnh tr\u1ea1ng:<\/strong>C\u00f2n h\u00e0ng<\/li>\n<li><strong>Gi\u00e1 b\u00e1n: <\/strong><span class=\"sell\"><strong> Li\u00ean h\u1ec7 ngay \u0111\u1ec3 \u0111\u01b0\u1ee3c gi\u00e1 t\u1ed1t<\/strong><\/span><\/li>\n<\/ul>\n<\/div>\n","protected":false},"featured_media":1444,"comment_status":"closed","ping_status":"closed","template":"","meta":[],"class_list":{"0":"post-1443","1":"product","2":"type-product","3":"status-publish","4":"has-post-thumbnail","6":"product_cat-hat-chong-am","8":"first","9":"instock","10":"shipping-taxable","11":"product-type-simple"},"_links":{"self":[{"href":"https:\/\/bangkeohanam.com\/index.php?rest_route=\/wp\/v2\/product\/1443","targetHints":{"allow":["GET"]}}],"collection":[{"href":"https:\/\/bangkeohanam.com\/index.php?rest_route=\/wp\/v2\/product"}],"about":[{"href":"https:\/\/bangkeohanam.com\/index.php?rest_route=\/wp\/v2\/types\/product"}],"replies":[{"embeddable":true,"href":"https:\/\/bangkeohanam.com\/index.php?rest_route=%2Fwp%2Fv2%2Fcomments&post=1443"}],"version-history":[{"count":1,"href":"https:\/\/bangkeohanam.com\/index.php?rest_route=\/wp\/v2\/product\/1443\/revisions"}],"predecessor-version":[{"id":1445,"href":"https:\/\/bangkeohanam.com\/index.php?rest_route=\/wp\/v2\/product\/1443\/revisions\/1445"}],"wp:featuredmedia":[{"embeddable":true,"href":"https:\/\/bangkeohanam.com\/index.php?rest_route=\/wp\/v2\/media\/1444"}],"wp:attachment":[{"href":"https:\/\/bangkeohanam.com\/index.php?rest_route=%2Fwp%2Fv2%2Fmedia&parent=1443"}],"curies":[{"name":"wp","href":"https:\/\/api.w.org\/{rel}","templated":true}]}}