{"id":434,"date":"2023-03-04T13:36:20","date_gmt":"2023-03-04T13:36:20","guid":{"rendered":"https:\/\/bangkeohanam.com\/?post_type=product&#038;p=434"},"modified":"2023-03-04T13:39:24","modified_gmt":"2023-03-04T13:39:24","slug":"bang-dich-gia-re","status":"publish","type":"product","link":"https:\/\/bangkeohanam.com\/?product=bang-dich-gia-re","title":{"rendered":"bang dich gia re"},"content":{"rendered":"<div class=\"title-product-category\">\n<h3 class=\"archive-title\">B\u0103ng d\u00ednh OPP<\/h3>\n<\/div>\n<div class=\"term-description\">\n<p>B\u0103ng d\u00ednh OPP l\u00e0 lo\u1ea1i b\u0103ng d\u00ednh d\u00e1n th\u00f9ng c\u00f3 \u0111\u1ed9 dai v\u00e0 d\u00e1n d\u00ednh t\u1ed1t.<\/p>\n<p>\u0110\u01b0\u1ee3c s\u1eed d\u1ee5ng ph\u1ed5 bi\u1ebfn nh\u1ea5t tr\u00ean th\u1ecb tr\u01b0\u1eddng v\u00e0 \u0111\u01b0\u1ee3c c\u00e1c doanh nghi\u1ec7p s\u1eed d\u1ee5ng trong qu\u00e1 tr\u00ecnh \u0111\u00f3ng g\u00f3i v\u1eadn chuy\u1ec3n h\u00e0ng h\u00f3a<br \/>\n<strong>Ch\u1ea5t li\u1ec7u<\/strong><br \/>\nB\u0103ng d\u00ednh OPP c\u00f3 th\u00e0nh ph\u1ea7n l\u00e0 l\u1edbp m\u00e0ng Biaxial Oriented Polypropylene (BOPP), m\u00e0ng BOPP \u0111\u01b0\u1ee3c s\u1ea3n xu\u1ea5t t\u1eeb h\u1ea1t nh\u1ef1a Polypropylene (PP) l\u00e0 m\u1ed9t lo\u1ea1i Polymer nhi\u1ec7t d\u1ebbo, n\u00f3ng ch\u1ea3y \u1edf nhi\u1ec7t \u0111\u1ed9 nh\u1ea5t \u0111\u1ecbnh v\u00e0 tr\u1edf v\u1ec1 tr\u1ea1ng th\u00e1i r\u1eafn khi l\u00e0m m\u00e1t. H\u1ea1t nh\u1ef1a PP sau khi n\u00f3ng ch\u1ea3y s\u1ebd \u0111\u01b0\u1ee3c k\u00e9o gi\u00e3n theo hai chi\u1ec1u t\u1ea1o th\u00e0nh l\u1edbp m\u00e0ng trong su\u1ed1t tr\u1ea3i d\u00e0i. Ti\u1ebfp theo \u0111\u00f3 m\u00e0ng BOPP \u0111\u01b0\u1ee3c k\u1ebft h\u1ee3p v\u1edbi l\u1edbp keo d\u00ednh tr\u00ean m\u1ed9t m\u1eb7t \u0111\u1ec3 t\u1ea1o th\u00e0nh s\u1ea3n ph\u1ea9m b\u0103ng d\u00ednh OPP.<br \/>\nL\u1edbp keo s\u1eed d\u1ee5ng l\u00e0 keo n\u01b0\u1edbc Acrylic ho\u1eb7c cao su t\u1ed5ng h\u1ee3p n\u00f3ng ch\u1ea3y. M\u00e0ng BOPP qua d\u00e2y chuy\u1ec1n qu\u1ebft keo l\u00ean m\u1ed9t m\u1eb7t \u0111\u01b0\u1ee3c \u0111i qua d\u00e0n l\u00f2 h\u01a1i nhi\u1ec7t \u0111\u1ed9 h\u1ee3p l\u00fd \u0111\u1ec3 l\u1edbp keo kh\u00f4 l\u1ea1i t\u1ea1o th\u00e0nh l\u1edbp keo trong su\u1ed1t tr\u00ean b\u1ec1 m\u1eb7t m\u00e0ng. M\u1ed7i m\u1ed9t lo\u1ea1i keo d\u00ednh c\u00f3 nh\u1eefng \u01b0u \u0111i\u1ec3m ri\u00eang bi\u1ec7t, b\u0103ng d\u00ednh OPP s\u1eed d\u1ee5ng l\u1edbp keo n\u01b0\u1edbc Acrylic c\u00f3 kh\u1ea3 n\u0103ng ch\u1ecbu nhi\u1ec7t \u0111\u1ed9 t\u1ed1t h\u01a1n, hay kh\u1ea3 n\u0103ng ng\u0103n ng\u1eeba tia c\u1ef1c t\u00edm t\u1ed1t h\u01a1n so v\u1edbi vi\u1ec7c s\u1eed d\u1ee5ng keo cao su t\u1ed5ng h\u1ee3p.<br \/>\n<strong>Quy c\u00e1ch s\u1ea3n ph\u1ea9m<\/strong><br \/>\nB\u0103ng d\u00ednh d\u00e1n th\u00f9ng OPP c\u00f3 \u0111\u1ed9 d\u00e0y trung b\u00ecnh t\u1eeb 30 \u0111\u1ebfn 65 micron, \u0111\u00e2y l\u00e0 t\u1ed5ng \u0111\u1ed9 d\u00e0y bao g\u1ed3m \u0111\u1ed9 d\u00e0y m\u00e0ng v\u00e0 \u0111\u1ed9 d\u00e0y keo. Chi\u1ec1u d\u00e0i c\u1ee7a cu\u1ed9n b\u0103ng d\u00ednh OPP c\u00f3 th\u1ec3 s\u1ea3n xu\u1ea5t t\u1eeb \u0111\u1ed9 d\u00e0i nh\u1ecf nh\u1ea5t 5 Yard cho \u0111\u1ebfn \u0111\u1ed9 d\u00e0i l\u1edbn nh\u1ea5t 2000 Yard tr\u00ean m\u1ed9t cu\u1ed9n s\u1ea3n ph\u1ea9m. \u0110\u1ed9 r\u1ed9ng c\u00f3 th\u1ec3 t\u1eeb 5mm \u0111\u1ebfn t\u1ed1i \u0111a 1250mm t\u00f9y theo y\u00eau c\u1ea7u c\u1ee7a kh\u00e1ch h\u00e0ng. B\u0103ng d\u00ednh OPP d\u00e1n th\u00f9ng r\u1ea5t \u0111a d\u1ea1ng v\u1ec1 m\u00e0u s\u1eafc: Trong su\u1ed1t, \u0111\u1ee5c, \u0111\u1ecf, v\u00e0ng, cam, xanh,\u2026<\/p>\n<p>#Bangdichgiare<\/p>\n<p>#bangdichvietnam<\/p>\n<p>#bangdichgiasi<\/p>\n<p>#bangdichtot<\/p>\n<p>#bangdichgiasuong<\/p>\n<p>#bangdichopp<\/p>\n<\/div>\n<div class=\"shop-loop-before clearfix\">\n<div class=\"gridlist-toggle\"><\/div>\n<\/div>\n","protected":false},"excerpt":{"rendered":"<div class=\"price-wrapper\">\n<p class=\"price product-page-price \"><span class=\"amount\">Li\u00ean h\u1ec7<\/span><\/p>\n<\/div>\n<div class=\"product-short-description\">\n<p><strong>Model:<\/strong><\/p>\n<p><strong>Xu\u1ea5t x\u1ee9: DHN TAPE<\/strong><\/p>\n<p><strong>T\u00ecnh tr\u1ea1ng:<\/strong>C\u00f2n h\u00e0ng<\/p>\n<\/div>\n<p>#bangdichopp<\/p>\n","protected":false},"featured_media":433,"comment_status":"open","ping_status":"closed","template":"","meta":[],"class_list":{"0":"post-434","1":"product","2":"type-product","3":"status-publish","4":"has-post-thumbnail","6":"product_cat-bang-dinh","8":"first","9":"instock","10":"shipping-taxable","11":"product-type-simple"},"_links":{"self":[{"href":"https:\/\/bangkeohanam.com\/index.php?rest_route=\/wp\/v2\/product\/434","targetHints":{"allow":["GET"]}}],"collection":[{"href":"https:\/\/bangkeohanam.com\/index.php?rest_route=\/wp\/v2\/product"}],"about":[{"href":"https:\/\/bangkeohanam.com\/index.php?rest_route=\/wp\/v2\/types\/product"}],"replies":[{"embeddable":true,"href":"https:\/\/bangkeohanam.com\/index.php?rest_route=%2Fwp%2Fv2%2Fcomments&post=434"}],"version-history":[{"count":2,"href":"https:\/\/bangkeohanam.com\/index.php?rest_route=\/wp\/v2\/product\/434\/revisions"}],"predecessor-version":[{"id":438,"href":"https:\/\/bangkeohanam.com\/index.php?rest_route=\/wp\/v2\/product\/434\/revisions\/438"}],"wp:featuredmedia":[{"embeddable":true,"href":"https:\/\/bangkeohanam.com\/index.php?rest_route=\/wp\/v2\/media\/433"}],"wp:attachment":[{"href":"https:\/\/bangkeohanam.com\/index.php?rest_route=%2Fwp%2Fv2%2Fmedia&parent=434"}],"curies":[{"name":"wp","href":"https:\/\/api.w.org\/{rel}","templated":true}]}}