{"id":458,"date":"2023-03-04T13:46:05","date_gmt":"2023-03-04T13:46:05","guid":{"rendered":"https:\/\/bangkeohanam.com\/?post_type=product&#038;p=458"},"modified":"2023-03-04T13:46:34","modified_gmt":"2023-03-04T13:46:34","slug":"jumbo-bang-dinh-gia-re","status":"publish","type":"product","link":"https:\/\/bangkeohanam.com\/?product=jumbo-bang-dinh-gia-re","title":{"rendered":"Jumbo b\u0103ng d\u00ednh gi\u00e1 r\u1ebb"},"content":{"rendered":"<h2>L\u00e0 s\u1ea3n ph\u1ea9m c\u00f3 ch\u1ee9c n\u0103ng g\u1eafn k\u1ebft c\u00e1c \u0111\u1ed3 \u0111\u1ea1c kh\u00e1c nhau, b\u0103ng d\u00ednh ng\u00e0y nay c\u00f3 nhi\u1ec1u \u1ee9ng d\u1ee5ng trong \u0111\u1eddi s\u1ed1ng nh\u01b0 trong vi\u1ec7c \u0111\u00f3ng g\u00f3i s\u1ea3n ph\u1ea9m, b\u1ea3o v\u1ec7 s\u1ea3n ph\u1ea9m, c\u00e1ch \u0111i\u1ec7n, l\u00e0m bi\u1ec3n qu\u1ea3ng c\u00e1o,\u2026v\u00e0 \u0111\u01b0\u1ee3c s\u1eed dung nhi\u1ec1u trong c\u00e1c ng\u00e0nh c\u00f4ng nghi\u1ec7p \u0111i\u1ec7n t\u1eed v\u00e0 c\u00f4ng nghi\u1ec7p kh\u00e1c.<\/h2>\n<p><img loading=\"lazy\" decoding=\"async\" class=\"size-full wp-image-342 aligncenter\" src=\"https:\/\/bangkeoghc.com\/wp-content\/uploads\/2020\/10\/jumbo-bang-dinh-ghc-4.jpg\" alt=\"\" width=\"512\" height=\"341\" \/><\/p>\n<p>B\u00ean c\u1ea1nh nh\u1eefng lo\u1ea1i b\u0103ng d\u00ednh kh\u00e1c,<a href=\"https:\/\/bangkeoghc.com\/\"> Jumbo b\u0103ng d\u00ednh<\/a> gi\u00fap cho vi\u1ec7c s\u1eed d\u1ee5ng \u0111\u01b0\u1ee3c ti\u1ebft ki\u1ec7m.<\/p>\n<p>Nguy\u00ean li\u1ec7u s\u1ea3n xu\u1ea5t \u0111\u01b0\u1ee3c nh\u1eadp kh\u1ea9u 100% t\u1eeb \u0110\u00e0i Loan, \u0111\u1ea3m b\u1ea3o kh\u00f4ng \u1ea3nh h\u01b0\u1edfng \u0111\u1ebfn s\u1ee9c kh\u1ecfe, th\u00e2n thi\u1ec7n v\u1edbi m\u00f4i tr\u01b0\u1eddng.<\/p>\n<p>V\u1edbi quy m\u00f4 s\u1ea3n xu\u1ea5t nh\u00e0 m\u00e1y hi\u1ec7n \u0111\u1ea1i , quy tr\u00ecnh s\u1ea3n xu\u1ea5t nghi\u00eam ng\u1eb7t, c\u00e1c s\u1ea3n ph\u1ea9m c\u1ee7a GHC H\u00e0 Nam lu\u00f4n \u0111\u1ea1t ti\u00eau ch\u00ed ch\u1ea5t l\u01b0\u1ee3ng, b\u1ea3o \u0111\u1ea3m \u0111\u00e1p \u1ee9ng \u0111\u1ee7 v\u00e0 nhanh ch\u00f3ng c\u00e1c \u0111\u01a1n h\u00e0ng. Ch\u00fang t\u00f4i hi\u1ec7n l\u00e0 nh\u00e0 cung c\u1ea5p b\u0103ng d\u00ednh l\u1edbn nh\u1ea5t Vi\u1ec7t Nam.<\/p>\n<h3>C\u00e1c jumbo b\u0103ng d\u00ednh c\u1ee7a GHC:<\/h3>\n<p>&#8211;<a href=\"https:\/\/bangkeoghc.com\/danh-muc-san-pham\/jumbo-bang-dinh\/\"> Jumbo b\u0103ng d\u00ednh<\/a> in ch\u1eef<\/p>\n<p>&#8211; Jumbo b\u0103ng d\u00ednh n\u1ec1n, d\u00e1n s\u00e0n<\/p>\n<p>&#8211; Jumbo b\u0103ng d\u00ednh v\u1ea3i<\/p>\n<p>&#8211; Jumbo b\u0103ng d\u00ednh simili<\/p>\n<p>&#8211; Jumbo b\u0103ng d\u00ednh hai m\u1eb7t<\/p>\n<p>&#8211; Jumbo b\u0103ng d\u00ednh gi\u1ea5y<\/p>\n<p>&#8211; Jumbo b\u0103ng d\u00ednh OPP<\/p>\n<h2>\u0110\u01b0\u1ee3c s\u1ef1 tin t\u01b0\u1edfng c\u1ee7a kh\u00e1ch h\u00e0ng, GHC ng\u00e0y c\u00e0ng ph\u00e1t tri\u1ec3n v\u1eefng m\u1ea1nh, ch\u00fang t\u00f4i \u0111\u1ea3m b\u1ea3o s\u1ea3n ph\u1ea9m \u0111\u1ebfn tay qu\u00fd kh\u00e1ch nhanh g\u1ecdn v\u00e0 ch\u1ea5t l\u01b0\u1ee3ng nh\u1ea5t.<\/h2>\n","protected":false},"excerpt":{"rendered":"<div class=\"product-short-description\">\n<ul>\n<li><strong>Xu\u1ea5t x\u1ee9: <\/strong>GHC H\u00e0 Nam<\/li>\n<li><strong>T\u00ecnh tr\u1ea1ng:<\/strong>C\u00f2n h\u00e0ng<\/li>\n<li><span style=\"color: #ed1c24;\"><strong>Gi\u00e1 b\u00e1n: <\/strong><span class=\"sell\"><strong> Li\u00ean h\u1ec7 \u0111\u1ec3 \u0111\u01b0\u1ee3c gi\u00e1 t\u1ed1t<\/strong><\/span><\/span><\/li>\n<\/ul>\n<\/div>\n","protected":false},"featured_media":507,"comment_status":"closed","ping_status":"closed","template":"","meta":[],"class_list":{"0":"post-458","1":"product","2":"type-product","3":"status-publish","4":"has-post-thumbnail","6":"product_cat-classic","8":"first","9":"instock","10":"shipping-taxable","11":"product-type-simple"},"_links":{"self":[{"href":"https:\/\/bangkeohanam.com\/index.php?rest_route=\/wp\/v2\/product\/458","targetHints":{"allow":["GET"]}}],"collection":[{"href":"https:\/\/bangkeohanam.com\/index.php?rest_route=\/wp\/v2\/product"}],"about":[{"href":"https:\/\/bangkeohanam.com\/index.php?rest_route=\/wp\/v2\/types\/product"}],"replies":[{"embeddable":true,"href":"https:\/\/bangkeohanam.com\/index.php?rest_route=%2Fwp%2Fv2%2Fcomments&post=458"}],"version-history":[{"count":1,"href":"https:\/\/bangkeohanam.com\/index.php?rest_route=\/wp\/v2\/product\/458\/revisions"}],"predecessor-version":[{"id":509,"href":"https:\/\/bangkeohanam.com\/index.php?rest_route=\/wp\/v2\/product\/458\/revisions\/509"}],"wp:featuredmedia":[{"embeddable":true,"href":"https:\/\/bangkeohanam.com\/index.php?rest_route=\/wp\/v2\/media\/507"}],"wp:attachment":[{"href":"https:\/\/bangkeohanam.com\/index.php?rest_route=%2Fwp%2Fv2%2Fmedia&parent=458"}],"curies":[{"name":"wp","href":"https:\/\/api.w.org\/{rel}","templated":true}]}}