{"id":463,"date":"2023-03-04T13:46:06","date_gmt":"2023-03-04T13:46:06","guid":{"rendered":"https:\/\/bangkeohanam.com\/?post_type=product&#038;p=463"},"modified":"2023-03-04T13:46:35","modified_gmt":"2023-03-04T13:46:35","slug":"mang-pe-chit","status":"publish","type":"product","link":"https:\/\/bangkeohanam.com\/?product=mang-pe-chit","title":{"rendered":"M\u00e0ng PE ch\u00edt"},"content":{"rendered":"<h2>M\u00e0ng ch\u00edt (m\u00e0ng b\u1ecdc) l\u00e0 g\u00ec, c\u00e1c lo\u1ea1i m\u00e0ng b\u1ecdc th\u1ef1c ph\u1ea9m, m\u00e0ng qu\u1ea5n pallet h\u00e0ng ho\u00e1 v\u00e0 \u1ee9ng d\u1ee5ng c\u1ee7a m\u00e0ng ch\u00edt<\/h2>\n<h3><strong>Kh\u00e1i ni\u1ec7m m\u00e0ng ch\u00edt:<\/strong><\/h3>\n<p><a href=\"https:\/\/bangkeoghc.com\/\">M\u00e0ng ch\u00edt pe<\/a> (hay m\u00e0ng co) c\u00f3 t\u00ean ti\u1ebfng anh l\u00e0 Stretch film \u0111\u01b0\u1ee3c l\u00e0m t\u1eeb v\u1eadt li\u1ec7u LLDPE ( Low Density Polyethylene c\u00f3 nhi\u1ec1u \u1ee9ng d\u1ee5ng trong c\u00e1c l\u0129nh v\u1ef1c kh\u00e1c nhau.2. Nh\u1eefng \u0111\u1eb7c \u0111i\u1ec3m n\u1ed5i b\u1eadt c\u1ee7a m\u00e0ng ch\u00edt Ng\u00e0y nay, m\u00e0ng chit \u0111\u00e3 tr\u1edf th\u00e0nh c\u00e1ch th\u1ee9c t\u1ed1i \u01b0u \u0111\u1ec3 bao b\u1ecdc h\u00e0ng ho\u00e1 trong qu\u00e1 tr\u00ecnh v\u1eadn chuy\u1ec3n.<\/p>\n<h3><strong>Nh\u1eefng \u0111\u1eb7c t\u00ednh t\u1ed1t c\u1ee7a m\u00e0ng ch\u00edt :<\/strong><\/h3>\n<p>&#8211; Kh\u1ea3 n\u0103ng ch\u1ed1ng b\u1ee5i b\u1ea9n , ch\u1ed1ng va \u0111\u1eadp<br \/>\n&#8211; Nh\u1edd t\u00ednh trong su\u1ed1t , ch\u00fang ta v\u1eabn quan s\u00e1t \u0111\u01b0\u1ee3c h\u00e0ng ho\u00e1 m\u00e0 v\u1eabn \u0111\u1ea3m b\u1ea3o an to\u00e0n cho ch\u00fang s\u1ea1ch s\u1ebd.<br \/>\n-L\u00e0 ph\u01b0\u01a1ng ph\u00e1p kinh t\u1ebf nh\u1ea5t cho kh\u00e2u \u0111\u00f3ng g\u00f3i v\u00e0 v\u1eadn chuy\u1ec3n h\u00e0ng ho\u00e1<\/p>\n<h3><strong>C\u00e1c lo\u1ea1i m\u00e0ng ch\u00edt v\u00e0 \u1ee9ng d\u1ee5ng:<\/strong><\/h3>\n<p><a href=\"https:\/\/bangkeoghc.com\/danh-muc-san-pham\/mang-pe-cuon-pallet\/\">M\u00e0ng ch\u00edt PE <\/a>c\u00f3 nhi\u1ec1u lo\u1ea1i , ph\u1ed5 bi\u1ebfn l\u00e0 m\u00e0ng ch\u00edt \u0111\u01a1n l\u1edbp &#8211; m\u00e0ng ch\u00edt \u0111a l\u1edbp, t\u00f9y y\u00eau c\u1ea7u v\u00e0 m\u1ee5c \u0111\u00edch s\u1eed d\u1ee5ng. \u0110\u01b0\u1ee3c d\u00f9ng ph\u1ed5 th\u00f4ng nh\u1ea5t l\u00e0 m\u00e0ng ch\u00edt 3 l\u1edbp v\u00ec ph\u00f9 h\u1ee3p gi\u00e1 th\u00e0nh v\u00e0 c\u00e1c \u0111\u1eb7c t\u00ednh k\u1ef9 thu\u1eadt c\u1ee7a n\u00f3. M\u00e0ng ch\u00edt 3 l\u1edbp s\u1ea3n xu\u1ea5t b\u1eb1ng m\u00e1y \u0111\u1ea7u \u0111ai 3 l\u1edbp trong \u0111\u00f3 l\u1edbp trong c\u00f9ng th\u01b0\u1eddng d\u00f9ng lo\u1ea1i nguy\u00ean li\u1ec7u c\u00f3 t\u00ednh n\u0103ng h\u00fat ,b\u00e1m d\u00ednh .Trong cu\u1ed9c s\u1ed1ng, m\u00e0ng ch\u00edt \u0111\u01b0\u1ee3c \u1ee9ng d\u1ee5ng r\u1ea5t r\u1ed9ng r\u00e3i:<\/p>\n<p>&#8211; Trong c\u00e1c h\u1ed9 gia \u0111\u00ecnh th\u01b0\u1eddng d\u00f9ng m\u00e0ng b\u1ecdc th\u1ef1c ph\u1ea9m; tr\u00e1nh b\u1ee5i b\u1ea9n, gi\u1eef th\u1ef1c th\u1ea9m l\u00e2u h\u1ecfng , nh\u1edd \u0111\u1eb7c t\u00ednh h\u00fat v\u00e0 b\u00e1m d\u00ednh b\u1ec1 m\u1eb7t c\u1ee7a n\u00f3.<\/p>\n<p>&#8211; Trong c\u00e1c ng\u00e0nh \u00f4ng nghi\u1ec7p th\u01b0\u1eddng s\u1eed d\u1ee5ng m\u00e0ng ch\u00edt pe cu\u1ed1n pallet\u00a0gi\u00fap c\u1ed1 \u0111\u1ecbnh c\u00e1c ki\u1ec7n h\u00e0ng, c\u00e1c s\u1ea3n ph\u1ea9m, tr\u00e1nh x\u00f4 x\u00e1t , va \u0111\u1eadp, b\u1ea3o v\u1ec7 s\u1ea3n ph\u1ea9m khi v\u1eadn chuy\u1ec3n .<\/p>\n<p>&#8211; Ng\u00e0nh n\u1ed9i th\u1ea5t th\u01b0\u1eddng d\u00f9ng m\u00e0ng ch\u00edt v\u1edbi m\u1ee5c \u0111\u00edch b\u1ecdc \u0111\u1ed3 n\u1ed9i th\u1ea5t tr\u00e1nh tr\u1ea7y x\u01b0\u1edbc s\u1ea3n ph\u1ea9m khi v\u1eadn chuy\u1ec3n &#8211; M\u1ed9t s\u1ed1 trung t\u00e2m spa c\u00f2n d\u00f9ng m\u00e0ng ch\u00edt \u0111\u1ec3 l\u00e0m \u0111\u1eb9p ph\u1ea7n eo cho ch\u1ecb em b\u1eb1ng c\u00e1ch qu\u1ea5n \u0111\u1eafp thu\u1ed1c. V\u00ec t\u00ednh \u0111a d\u1ea1ng trong \u1ee9ng d\u1ee5ng m\u00e0 m\u00e0ng ch\u00edt c\u00e0ng ng\u00e0y \u0111\u01b0\u1ee3c s\u1eed d\u1ee5ng c\u00e0ng nhi\u1ec1u v\u00e0 r\u1ed9ng r\u00e3i khi s\u1eed d\u1ee5ng m\u00e0ng ch\u00edt c\u00f3 2 ph\u01b0\u01a1ng ph\u00e1p qu\u1ea9n th\u1ee7 c\u00f4ng v\u00e0 qu\u1ea5n b\u1eb1ng m\u00e1y qu\u1ea9n m\u00e0ng chit may qu\u1ea5n m\u00e0ng ch\u00edt th\u01b0\u1eddng xu\u1ea5t hi\u1ec7n trong c\u00e1c khu c\u00f4ng nghi\u1ec7p v\u00e0 v\u1edbi c\u00e1c c\u00f4ng ty c\u00f3 s\u1ea3n l\u01b0\u1ee3ng s\u1eed d\u1ee5ng l\u1edbn.<\/p>\n<h2>C\u1ea3m \u01a1n qu\u00fd kh\u00e1ch h\u00e0ng \u0111\u00e3 tin t\u01b0\u1edfng v\u00e0 s\u1eed d\u1ee5ng s\u1ea3n ph\u1ea9m c\u1ee7a GHC H\u00e0 Nam, li\u00ean h\u1ec7 \u0111\u1ec3 bi\u1ebft th\u00eam chi ti\u1ebft.<\/h2>\n","protected":false},"excerpt":{"rendered":"<div class=\"product-short-description\">\n<div class=\"product-short-description\">\n<ul>\n<li><strong>Xu\u1ea5t x\u1ee9: <\/strong>GHC H\u00e0 Nam<\/li>\n<li><strong>T\u00ecnh tr\u1ea1ng:<\/strong>C\u00f2n h\u00e0ng<\/li>\n<li><span style=\"color: #ed1c24;\"><strong>Gi\u00e1 b\u00e1n: <\/strong><span class=\"sell\"><strong> Li\u00ean h\u1ec7 \u0111\u1ec3 \u0111\u01b0\u1ee3c gi\u00e1 t\u1ed1t<\/strong><\/span><\/span><\/li>\n<\/ul>\n<\/div>\n<\/div>\n","protected":false},"featured_media":479,"comment_status":"closed","ping_status":"closed","template":"","meta":[],"class_list":{"0":"post-463","1":"product","2":"type-product","3":"status-publish","4":"has-post-thumbnail","6":"product_cat-classic","8":"first","9":"instock","10":"shipping-taxable","11":"product-type-simple"},"_links":{"self":[{"href":"https:\/\/bangkeohanam.com\/index.php?rest_route=\/wp\/v2\/product\/463","targetHints":{"allow":["GET"]}}],"collection":[{"href":"https:\/\/bangkeohanam.com\/index.php?rest_route=\/wp\/v2\/product"}],"about":[{"href":"https:\/\/bangkeohanam.com\/index.php?rest_route=\/wp\/v2\/types\/product"}],"replies":[{"embeddable":true,"href":"https:\/\/bangkeohanam.com\/index.php?rest_route=%2Fwp%2Fv2%2Fcomments&post=463"}],"version-history":[{"count":1,"href":"https:\/\/bangkeohanam.com\/index.php?rest_route=\/wp\/v2\/product\/463\/revisions"}],"predecessor-version":[{"id":517,"href":"https:\/\/bangkeohanam.com\/index.php?rest_route=\/wp\/v2\/product\/463\/revisions\/517"}],"wp:featuredmedia":[{"embeddable":true,"href":"https:\/\/bangkeohanam.com\/index.php?rest_route=\/wp\/v2\/media\/479"}],"wp:attachment":[{"href":"https:\/\/bangkeohanam.com\/index.php?rest_route=%2Fwp%2Fv2%2Fmedia&parent=463"}],"curies":[{"name":"wp","href":"https:\/\/api.w.org\/{rel}","templated":true}]}}