{"id":465,"date":"2023-03-04T13:46:06","date_gmt":"2023-03-04T13:46:06","guid":{"rendered":"https:\/\/bangkeohanam.com\/?post_type=product&#038;p=465"},"modified":"2023-03-04T13:46:36","modified_gmt":"2023-03-04T13:46:36","slug":"tui-hdpe","status":"publish","type":"product","link":"https:\/\/bangkeohanam.com\/?product=tui-hdpe","title":{"rendered":"T\u00fai HDPE"},"content":{"rendered":"<p>Ch\u00fang t\u00f4i chuy\u00ean s\u1ea3n xu\u1ea5t, kinh doanh c\u00e1c lo\u1ea1i t\u00fai pe,hdpe..theo y\u00eau c\u1ea7u, quy c\u00e1ch c\u1ee7a kh\u00e1ch h\u00e0ng \u0111\u01b0a ra v\u00e0 cam k\u1ebft v\u1ec1 d\u1ecbch v\u1ee5, ch\u1ea5t l\u01b0\u1ee3ng m\u00e0 ch\u00fang t\u00f4i \u0111em \u0111\u1ebfn<br \/>\nQu\u00ed kh\u00e1ch s\u1ebd c\u1ea3m nh\u1eadn \u0111\u01b0\u1ee3c s\u1ef1 chuy\u00ean nghi\u1ec7p, t\u1eadn t\u00ecnh v\u00e0 chu \u0111\u00e1o c\u1ee7a \u0111\u1ed9i ng\u0169 nh\u00e2n vi\u00ean, v\u1edbi gi\u00e1 c\u1ea3 c\u1ea1nh tranh.<br \/>\nXin li\u00ean h\u1ec7 v\u1edbi ch\u00fang t\u00f4i \u0111\u1ec3 c\u00f3 \u0111\u01b0\u1ee3c gi\u00e1 c\u1ea3 t\u1ed1t nh\u1ea5t<\/p>\n","protected":false},"excerpt":{"rendered":"<div class=\"product-short-description\">\n<div class=\"product-short-description\">\n<ul>\n<li><strong>Xu\u1ea5t x\u1ee9: <\/strong>GHC H\u00e0 Nam<\/li>\n<li><strong>T\u00ecnh tr\u1ea1ng:<\/strong>C\u00f2n h\u00e0ng<\/li>\n<li><span style=\"color: #ed1c24;\"><strong>Gi\u00e1 b\u00e1n: <\/strong><span class=\"sell\"><strong> Li\u00ean h\u1ec7 \u0111\u1ec3 \u0111\u01b0\u1ee3c gi\u00e1 t\u1ed1t<\/strong><\/span><\/span><\/li>\n<\/ul>\n<\/div>\n<\/div>\n","protected":false},"featured_media":520,"comment_status":"closed","ping_status":"closed","template":"","meta":[],"class_list":{"0":"post-465","1":"product","2":"type-product","3":"status-publish","4":"has-post-thumbnail","6":"product_cat-classic","8":"first","9":"instock","10":"shipping-taxable","11":"product-type-simple"},"_links":{"self":[{"href":"https:\/\/bangkeohanam.com\/index.php?rest_route=\/wp\/v2\/product\/465","targetHints":{"allow":["GET"]}}],"collection":[{"href":"https:\/\/bangkeohanam.com\/index.php?rest_route=\/wp\/v2\/product"}],"about":[{"href":"https:\/\/bangkeohanam.com\/index.php?rest_route=\/wp\/v2\/types\/product"}],"replies":[{"embeddable":true,"href":"https:\/\/bangkeohanam.com\/index.php?rest_route=%2Fwp%2Fv2%2Fcomments&post=465"}],"version-history":[{"count":1,"href":"https:\/\/bangkeohanam.com\/index.php?rest_route=\/wp\/v2\/product\/465\/revisions"}],"predecessor-version":[{"id":521,"href":"https:\/\/bangkeohanam.com\/index.php?rest_route=\/wp\/v2\/product\/465\/revisions\/521"}],"wp:featuredmedia":[{"embeddable":true,"href":"https:\/\/bangkeohanam.com\/index.php?rest_route=\/wp\/v2\/media\/520"}],"wp:attachment":[{"href":"https:\/\/bangkeohanam.com\/index.php?rest_route=%2Fwp%2Fv2%2Fmedia&parent=465"}],"curies":[{"name":"wp","href":"https:\/\/api.w.org\/{rel}","templated":true}]}}