{"id":468,"date":"2023-03-04T13:46:06","date_gmt":"2023-03-04T13:46:06","guid":{"rendered":"https:\/\/bangkeohanam.com\/?post_type=product&#038;p=468"},"modified":"2023-03-04T13:46:38","modified_gmt":"2023-03-04T13:46:38","slug":"bang-keo-da-nang-2-mat-sieu-dinh","status":"publish","type":"product","link":"https:\/\/bangkeohanam.com\/?product=bang-keo-da-nang-2-mat-sieu-dinh","title":{"rendered":"B\u0103ng keo \u0111a n\u0103ng 2 m\u1eb7t si\u00eau d\u00ednh"},"content":{"rendered":"<p>Ch\u00fang t\u00f4i chuy\u00ean s\u1ea3n xu\u1ea5t, kinh doanh c\u00e1c lo\u1ea1i b\u0103ng keo 2 m\u1eb7t, b\u0103ng keo trong su\u1ed1t, b\u0103ng keo \u0111a n\u0103ng 2 m\u1eb7t.. theo y\u00eau c\u1ea7u, quy c\u00e1ch c\u1ee7a kh\u00e1ch h\u00e0ng \u0111\u01b0a ra v\u00e0 cam k\u1ebft v\u1ec1 d\u1ecbch v\u1ee5 sau b\u00e1n h\u00e0ng, v\u00e0 ch\u1ea5t l\u01b0\u1ee3ng s\u1ea3n ph\u1ea9m m\u00e0 ch\u00fang t\u00f4i \u0111em \u0111\u1ebfn<br \/>\nQu\u00ed kh\u00e1ch s\u1ebd c\u1ea3m nh\u1eadn \u0111\u01b0\u1ee3c s\u1ef1 chuy\u00ean nghi\u1ec7p, t\u1eadn t\u00ecnh v\u00e0 chu \u0111\u00e1o c\u1ee7a \u0111\u1ed9i ng\u0169 nh\u00e2n vi\u00ean, v\u1edbi gi\u00e1 c\u1ea3 c\u1ea1nh tranh.<br \/>\n\u0110\u01b0\u1ee3c s\u1eed d\u1ee5ng r\u1ea5t nhi\u1ec1u trong h\u1ea7u h\u1ebft c\u00e1c nh\u00e0 m\u00e1y s\u1ea3n xu\u1ea5t.<br \/>\nXin li\u00ean h\u1ec7 v\u1edbi ch\u00fang t\u00f4i \u0111\u1ec3 c\u00f3 \u0111\u01b0\u1ee3c gi\u00e1 c\u1ea3 t\u1ed1t nh\u1ea5t,<\/p>\n","protected":false},"excerpt":{"rendered":"<div class=\"product-short-description\">\n<ul>\n<li><strong>Xu\u1ea5t x\u1ee9: <\/strong>DHN TAPE H\u00e0 Nam<\/li>\n<li><strong>T\u00ecnh tr\u1ea1ng:<\/strong>C\u00f2n h\u00e0ng<\/li>\n<li><span style=\"color: #ed1c24;\"><strong>Gi\u00e1 b\u00e1n:<\/strong><span class=\"sell\"><strong> Li\u00ean h\u1ec7 ngay \u0111\u1ec3 \u0111\u01b0\u1ee3c gi\u00e1 t\u1ed1t<\/strong><\/span><\/li>\n<\/ul>\n<\/div>\n","protected":false},"featured_media":526,"comment_status":"closed","ping_status":"closed","template":"","meta":[],"class_list":{"0":"post-468","1":"product","2":"type-product","3":"status-publish","4":"has-post-thumbnail","6":"product_cat-classic","8":"first","9":"instock","10":"shipping-taxable","11":"product-type-simple"},"_links":{"self":[{"href":"https:\/\/bangkeohanam.com\/index.php?rest_route=\/wp\/v2\/product\/468","targetHints":{"allow":["GET"]}}],"collection":[{"href":"https:\/\/bangkeohanam.com\/index.php?rest_route=\/wp\/v2\/product"}],"about":[{"href":"https:\/\/bangkeohanam.com\/index.php?rest_route=\/wp\/v2\/types\/product"}],"replies":[{"embeddable":true,"href":"https:\/\/bangkeohanam.com\/index.php?rest_route=%2Fwp%2Fv2%2Fcomments&post=468"}],"version-history":[{"count":1,"href":"https:\/\/bangkeohanam.com\/index.php?rest_route=\/wp\/v2\/product\/468\/revisions"}],"predecessor-version":[{"id":527,"href":"https:\/\/bangkeohanam.com\/index.php?rest_route=\/wp\/v2\/product\/468\/revisions\/527"}],"wp:featuredmedia":[{"embeddable":true,"href":"https:\/\/bangkeohanam.com\/index.php?rest_route=\/wp\/v2\/media\/526"}],"wp:attachment":[{"href":"https:\/\/bangkeohanam.com\/index.php?rest_route=%2Fwp%2Fv2%2Fmedia&parent=468"}],"curies":[{"name":"wp","href":"https:\/\/api.w.org\/{rel}","templated":true}]}}