{"id":469,"date":"2023-03-04T13:46:06","date_gmt":"2023-03-04T13:46:06","guid":{"rendered":"https:\/\/bangkeohanam.com\/?post_type=product&#038;p=469"},"modified":"2023-03-04T13:46:39","modified_gmt":"2023-03-04T13:46:39","slug":"bang-keo-2-mat-cong-nghiep","status":"publish","type":"product","link":"https:\/\/bangkeohanam.com\/?product=bang-keo-2-mat-cong-nghiep","title":{"rendered":"B\u0103ng keo 2 m\u1eb7t c\u00f4ng nghi\u1ec7p"},"content":{"rendered":"<div><a href=\"https:\/\/bangkeohanam.com\/san-pham\/bang-dinh-2-mat\/\">B\u0103ng d\u00ednh 2 m\u1eb7t<\/a> hay b\u0103ng d\u00ednh hai m\u1eb7t l\u00e0 lo\u1ea1i b\u0103ng d\u00ednh ph\u1ee7 keo d\u00e1n d\u00ednh c\u1ea3 hai b\u1ec1 m\u1eb7t m\u00e0ng d\u00ednh.<\/div>\n<div>V\u1edbi \u0111\u1ed9 b\u00e1m d\u00ednh t\u1ed1t kh\u1ea3 n\u0103ng b\u1ec1n dai khi k\u00e9o, <a href=\"https:\/\/bangkeohanam.com\/\">b\u0103ng d\u00ednh<\/a> hai m\u1eb7t c\u00f3 th\u1ec3 s\u1eed d\u1ee5ng tr\u1ec1n nhi\u1ec1u b\u1ec1 m\u1eb7t s\u1ea3n ph\u1ea9m nh\u01b0 kim lo\u1ea1i, g\u1ed7, g\u01b0\u01a1ng, k\u00ednh, v\u1eadt li\u1ec7u x\u1ed1p\u2026<\/div>\n<div>Ca\u0301c kh\u00f4\u0309 co\u0301 th\u00ea\u0309 c\u0103\u0301t: 0,5cm; 1cm; 1,5cm; 2,5 cm; 5cm; 7cm;\u2026 chi\u00ea\u0300u da\u0300i theo y\u00eau c\u00e2\u0300u.<\/div>\n<div>C\u00e1c kh\u1ed5 r\u1ed9ng h\u01a1n nh\u01b0:<\/div>\n<div>B\u0103ng hai m\u1eb7t 10 cm, 20 cm, 30 cm \u0111\u1ebfn r\u1ed9ng 1 m\u00e9t, chi\u1ec1u d\u00e0i 10 m\u00e9t, 15 m\u00e9t, 30 m\u00e9t\u2026<\/div>\n<div>B\u0103ng d\u00ednh hai m\u1eb7t tr\u1eafng n\u01b0\u1edbc, b\u0103ng d\u00ednh hai m\u1eb7t d\u1ea7u, b\u0103ng d\u00ednh hai m\u1eb7t x\u1ed1p, b\u0103ng d\u00ednh hai m\u1eb7t d\u1ea7u v\u00e0ng\u2026<\/div>\n<div>&#8211; \u0110\u1ed9 d\u00e0y: 90 -170 mic<\/div>\n<div>&#8211; \u0110\u1ed9 b\u1ec1n dai: 5 \u2013 200 lbs.\/in.<\/div>\n<div>&#8211; L\u1ef1c k\u00e9o gi\u00e3n: 20 (J Dow Method)<\/div>\n<div>&#8211; Nhi\u1ec7t \u0111\u1ed9 th\u1ea5p nh\u1ea5t: \u00a0\u2013 13\u00b0C<\/div>\n<div>&#8211; Nhi\u1ec7t \u0111\u1ed9 cao nh\u1ea5t: \u00a090\u00b0C<\/div>\n<div>&#8211; B\u0103ng d\u00ednh hai m\u1eb7t kh\u1ed5 1cm x 7 m\u00e9t<\/div>\n<div><\/div>\n<div>Hi\u1ec7n nay c\u00f4ng ty dhn tape H\u00e0 Nam \u0111ang s\u1ea3n xu\u1ea5t hai d\u00f2ng s\u1ea3n ph\u1ea9m hai m\u1eb7t, d\u00f2ng s\u1ea3n ph\u1ea9m th\u01b0\u1eddng v\u00e0 si\u00eau d\u00ednh.<\/div>\n","protected":false},"excerpt":{"rendered":"<div class=\"product-short-description\">\n<ul>\n<li><strong>Xu\u1ea5t x\u1ee9: <\/strong>DHN TAPE H\u00e0 Nam<\/li>\n<li><strong>T\u00ecnh tr\u1ea1ng:<\/strong>C\u00f2n h\u00e0ng<\/li>\n<li><strong>Gi\u00e1 b\u00e1n: <\/strong><span class=\"sell\"><strong> Li\u00ean h\u1ec7 ngay \u0111\u1ec3 \u0111\u01b0\u1ee3c gi\u00e1 t\u1ed1t<\/strong><\/span><\/li>\n<\/ul>\n<\/div>\n","protected":false},"featured_media":528,"comment_status":"closed","ping_status":"closed","template":"","meta":[],"class_list":{"0":"post-469","1":"product","2":"type-product","3":"status-publish","4":"has-post-thumbnail","6":"product_cat-classic","8":"first","9":"instock","10":"shipping-taxable","11":"product-type-simple"},"_links":{"self":[{"href":"https:\/\/bangkeohanam.com\/index.php?rest_route=\/wp\/v2\/product\/469","targetHints":{"allow":["GET"]}}],"collection":[{"href":"https:\/\/bangkeohanam.com\/index.php?rest_route=\/wp\/v2\/product"}],"about":[{"href":"https:\/\/bangkeohanam.com\/index.php?rest_route=\/wp\/v2\/types\/product"}],"replies":[{"embeddable":true,"href":"https:\/\/bangkeohanam.com\/index.php?rest_route=%2Fwp%2Fv2%2Fcomments&post=469"}],"version-history":[{"count":1,"href":"https:\/\/bangkeohanam.com\/index.php?rest_route=\/wp\/v2\/product\/469\/revisions"}],"predecessor-version":[{"id":529,"href":"https:\/\/bangkeohanam.com\/index.php?rest_route=\/wp\/v2\/product\/469\/revisions\/529"}],"wp:featuredmedia":[{"embeddable":true,"href":"https:\/\/bangkeohanam.com\/index.php?rest_route=\/wp\/v2\/media\/528"}],"wp:attachment":[{"href":"https:\/\/bangkeohanam.com\/index.php?rest_route=%2Fwp%2Fv2%2Fmedia&parent=469"}],"curies":[{"name":"wp","href":"https:\/\/api.w.org\/{rel}","templated":true}]}}