{"id":471,"date":"2023-03-04T13:46:06","date_gmt":"2023-03-04T13:46:06","guid":{"rendered":"https:\/\/bangkeohanam.com\/?post_type=product&#038;p=471"},"modified":"2023-03-04T13:46:41","modified_gmt":"2023-03-04T13:46:41","slug":"jumbo-mang-pe","status":"publish","type":"product","link":"https:\/\/bangkeohanam.com\/?product=jumbo-mang-pe","title":{"rendered":"Jumbo M\u00e0ng PE"},"content":{"rendered":"<p>&nbsp;<\/p>\n<p>DHN cam \u0111oan, ngo\u00e0i nh\u1eefng s\u1ea3n ph\u1ea9m s\u1eed d\u1ee5ng th\u00f4ng th\u01b0\u1eddng trong n\u01b0\u1edbc, ch\u00fang t\u00f4i c\u00f3 th\u1ec3 cung c\u1ea5p \u0111\u01b0\u1ee3c nh\u1eefng s\u1ea3n ph\u1ea9m ch\u1ea5t l\u01b0\u1ee3ng nh\u01b0 Qu\u00fd c\u00f4ng ty \u0111ang nh\u1eadp kh\u1ea9u t\u1eeb c\u00e1c n\u01b0\u1edbc Malaysia, Thai lan, \u0110\u00e0i Loan, Nh\u1eadt\u2026 trong khi \u0111\u00f3 gi\u00e1 th\u00e0nh ch\u1ec9 b\u1eb1ng 50% \u2013 60% gi\u00e1 nh\u1eadp kh\u1ea9u.m\u00e0ng pe gi\u00e1 r\u1ebb<\/p>\n<p>JumBo Ma\u0300ng PE cu\u1ed9n Jumbo th\u01b0\u1eddng \u0111\u01b0\u1ee3c d\u00f9ng \u0111\u1ec3 chia sang cu\u1ed9n qu\u1ea5n tay, tr\u1ecdng l\u01b0\u1ee3ng, kh\u1ed1i l\u01b0\u1ee3ng nh\u1ecf h\u01a1n theo nhu c\u1ea7u s\u1eed d\u1ee5ng c\u1ee7a kh\u00e1ch h\u00e0ng \u0111\u1ec3 d\u1ec5 d\u00e0ng \u0111\u00f3ng g\u00f3i b\u1eb1ng tay.<br \/>\n  -\u0110\u01b0\u1ee3c d\u00f9ng \u0111\u1ec3 qu\u1ea5n pallet h\u00e0ng ho\u00e1, c\u00e1c s\u1ea3n ph\u1ea9m, th\u00f9ng carton trong qu\u00e1 tr\u00ecnh v\u1eadn chuy\u1ec3n, l\u01b0u kho, \u0111\u1eb7c bi\u1ec7t d\u00f9ng \u0111\u1ec3 \u0111\u00f3ng g\u00f3i h\u00e0ng ho\u00e1 xu\u1ea5t kh\u1ea9u.<br \/>\n  -N\u00f3 c\u00f3 t\u00e1c d\u1ee5ng b\u1ea3o v\u1ec7 s\u1ea3n ph\u1ea9m, \u0111\u1ea3m b\u1ea3o h\u00e0ng ho\u00e1 c\u00f2n nguy\u00ean ki\u1ec7n, ch\u1ed1ng b\u1ee5i b\u1ea9n, ch\u1ed1ng h\u01a1i n\u01b0\u1edbc, han g\u1ec9 g\u00e2y ra do n\u01b0\u1edbc bi\u1ec3n v\u00e0 c\u00e1c t\u00e1c nh\u00e2n kh\u00e1c x\u00e2m h\u1ea1i t\u1eeb b\u00ean ngo\u00e0i. \u0110\u1ed3ng th\u1eddi, n\u00f3 c\u00f2n h\u1ea1n ch\u1ebf \u0111\u01b0\u1ee3c c\u00e1c v\u1ebft ch\u00e0y x\u01b0\u1edbc, \u0111\u00e2m th\u1ecdc m\u1ea1nh t\u1eeb c\u00e1c l\u1ef1c t\u00e1c \u0111\u1ed9ng t\u1eeb b\u00ean ngo\u00e0i v\u00e0o.nh\u00e0 m\u00e1y s\u1ea3n xu\u1ea5t m\u00e0ng pe<\/p>\n<p>Tu\u1ef3 theo y\u00eau c\u1ea7u c\u1ee7a Qu\u00fd kh\u00e1ch, m\u00e0 ch\u00fang t\u00f4i c\u00f3 th\u1ec3 cung c\u1ea5p c\u00e1c s\u1ea3n ph\u1ea9m v\u1edbi v\u1edbi c\u00e1c quy c\u00e1ch, \u0111\u1ed9 d\u00e0y v\u00e0 \u0111\u1ed9 d\u00ednh kh\u00e1c nhau. Ph\u1ed5 bi\u1ebfn c\u00f3 nh\u1eefng k\u00edch th\u01b0\u1edbc sau:<\/p>\n<p>Jumbo M\u00e0ng PE:<br \/>\n+ K\u00edch c\u1ee1: R\u1ed9ng x D\u1ea7y x D\u00e0i<\/p>\n<p>1.500mm x 15micron x 2500m \u2013 5000m<br \/>\n2.500mm x 17micron x 2500m \u2013 5000m:<br \/>\n3.500mm x 20micron x 2500m \u2013 5000m;<br \/>\n4.500mm x 23micron x 2500m \u2013 5000m.<br \/>\n+ \u0110\u00f3ng g\u00f3i: 18-32cu\u1ed9n\/Pallet<\/p>\n<p>N\u1ebfu qu\u00fd kh\u00e1ch c\u00f3 nhu c\u1ea7u s\u1eed d\u1ee5ng, mu\u1ed1n l\u00e0m \u0111\u1ea1i l\u00fd, kh\u1ea3o gi\u00e1, ho\u1eb7c ch\u1ec9 mu\u1ed1n \u0111\u01b0\u1ee3c t\u01b0 v\u1ea5n, \u0111\u1eebng ng\u1ea7n ng\u1ea1i, h\u00e3y g\u1ecdi cho ch\u00fang t\u00f4i.<\/p>\n","protected":false},"excerpt":{"rendered":"<p>&nbsp; DHN cam \u0111oan, ngo\u00e0i nh\u1eefng s\u1ea3n ph\u1ea9m s\u1eed d\u1ee5ng th\u00f4ng th\u01b0\u1eddng trong n\u01b0\u1edbc, ch\u00fang t\u00f4i c\u00f3 th\u1ec3 cung c\u1ea5p \u0111\u01b0\u1ee3c nh\u1eefng s\u1ea3n ph\u1ea9m ch\u1ea5t l\u01b0\u1ee3ng nh\u01b0 Qu\u00fd c\u00f4ng ty \u0111ang nh\u1eadp kh\u1ea9u t\u1eeb c\u00e1c n\u01b0\u1edbc Malaysia, Thai lan, \u0110\u00e0i Loan, Nh\u1eadt\u2026 trong khi \u0111\u00f3 gi\u00e1 th\u00e0nh ch\u1ec9 b\u1eb1ng 50% \u2013 60% gi\u00e1 nh\u1eadp kh\u1ea9u.m\u00e0ng [&#8230;]\n","protected":false},"featured_media":513,"comment_status":"closed","ping_status":"closed","template":"","meta":[],"class_list":{"0":"post-471","1":"product","2":"type-product","3":"status-publish","4":"has-post-thumbnail","6":"product_cat-classic","8":"first","9":"instock","10":"shipping-taxable","11":"product-type-simple"},"_links":{"self":[{"href":"https:\/\/bangkeohanam.com\/index.php?rest_route=\/wp\/v2\/product\/471","targetHints":{"allow":["GET"]}}],"collection":[{"href":"https:\/\/bangkeohanam.com\/index.php?rest_route=\/wp\/v2\/product"}],"about":[{"href":"https:\/\/bangkeohanam.com\/index.php?rest_route=\/wp\/v2\/types\/product"}],"replies":[{"embeddable":true,"href":"https:\/\/bangkeohanam.com\/index.php?rest_route=%2Fwp%2Fv2%2Fcomments&post=471"}],"version-history":[{"count":1,"href":"https:\/\/bangkeohanam.com\/index.php?rest_route=\/wp\/v2\/product\/471\/revisions"}],"predecessor-version":[{"id":532,"href":"https:\/\/bangkeohanam.com\/index.php?rest_route=\/wp\/v2\/product\/471\/revisions\/532"}],"wp:featuredmedia":[{"embeddable":true,"href":"https:\/\/bangkeohanam.com\/index.php?rest_route=\/wp\/v2\/media\/513"}],"wp:attachment":[{"href":"https:\/\/bangkeohanam.com\/index.php?rest_route=%2Fwp%2Fv2%2Fmedia&parent=471"}],"curies":[{"name":"wp","href":"https:\/\/api.w.org\/{rel}","templated":true}]}}