{"id":628,"date":"2023-03-13T13:52:14","date_gmt":"2023-03-13T13:52:14","guid":{"rendered":"https:\/\/bangkeohanam.com\/?post_type=product&#038;p=628"},"modified":"2023-03-13T13:52:20","modified_gmt":"2023-03-13T13:52:20","slug":"bang-dinh-chiu-nhiet-2","status":"publish","type":"product","link":"https:\/\/bangkeohanam.com\/?product=bang-dinh-chiu-nhiet-2","title":{"rendered":"B\u0103ng d\u00ednh ch\u1ecbu nhi\u1ec7t"},"content":{"rendered":"<p><strong>B\u0103ng d\u00ednh ch\u1ecbu nhi\u1ec7t \u0111\u01b0\u1ee3c \u1ee9ng d\u1ee5ng kh\u00e1 nhi\u1ec1u trong c\u00e1c ng\u00e0nh th\u1ef1c ph\u1ea9m. N\u00f3 c\u0169ng l\u00e0 b\u0103ng d\u00ednh chuy\u00ean d\u1ee5ng\u00a0v\u1edbi\u00a0t\u00ednh ch\u1ecbu nhi\u1ec7t cao \u0111\u01b0\u1ee3c\u00a0d\u00f9ng\u00a0trong c\u00f4ng ngh\u1ec7\u00a0s\u1ea3n xu\u1ea5t\u00a0\u0111i\u1ec7n t\u1eed, h\u00e0n x\u00ec.<\/strong><\/p>\n<p><em>V\u1eady mua\u00a0<\/em><strong><em>b\u0103ng keo ch\u1ecbu nhi\u1ec7t<\/em><\/strong><em>\u00a0\u1edf \u0111\u00e2u ch\u1ea5t l\u01b0\u1ee3ng?<\/em><\/p>\n<p>\u0110\u00e2y l\u00e0 c\u00e2u h\u1ecfi c\u1ee7a kh\u00e1 nhi\u1ec1u doanh nghi\u1ec7p khi m\u00e0 th\u1ecb tr\u01b0\u1eddng b\u0103ng d\u00ednh v\u1eabn kh\u00f4ng ng\u1eebng ph\u00e1t tri\u1ec3n khi\u1ebfn cho m\u1ed9t s\u1ed1 \u0111\u01a1n v\u1ecb s\u1ea3n xu\u1ea5t b\u0103ng d\u00ednh v\u00ec l\u1ee3i nhu\u1eadn m\u00e0 l\u00e0m gi\u1ea3m ch\u1ea5t l\u01b0\u1ee3ng b\u0103ng d\u00ednh, l\u00e0m ng\u01b0\u1eddi mua b\u1ecb thi\u1ec7t h\u1ea1i v\u1ec1 nhi\u1ec1u m\u1eb7t.<\/p>\n<h2>B\u0103ng keo nhi\u1ec7t ch\u1ea5t l\u01b0\u1ee3ng t\u1ea1i GHC<\/h2>\n<p><img loading=\"lazy\" decoding=\"async\" class=\"aligncenter wp-image-194 size-medium\" src=\"https:\/\/bangkeoghc.com\/wp-content\/uploads\/2020\/10\/bang-dinh-chiu-nhiet-1-300x226.jpg\" alt=\"\" width=\"300\" height=\"226\" \/><\/p>\n<h3><strong>\u0110\u1eb7c \u0111i\u1ec3m c\u1ee7a b\u0103ng keo ch\u1ecbu nhi\u1ec7t cao<\/strong><\/h3>\n<p><em><strong><a href=\"https:\/\/bangkeoghc.com\/bang-dinh-kapton-chiu-nhiet\">B\u0103ng d\u00ednh ch\u1ecbu nhi\u1ec7t GHC <\/a><\/strong><\/em>\u0111ang kh\u00e1 l\u00e0 ph\u1ed5 bi\u1ebfn, \u0111\u00e2y l\u00e0 d\u00f2ng b\u0103ng d\u00ednh mang\u00a0kh\u1ea3 n\u0103ng ch\u1ecbu \u0111\u01b0\u1ee3c nhi\u1ec7t \u0111\u1ed9 cao v\u00e0 \u0111\u01b0\u1ee3c\u00a0d\u00f9ng\u00a0nhi\u1ec1u\u00a0trong\u00a0khoa h\u1ecdc\u00a0h\u00e0n. S\u1ea3n ph\u1ea9m\u00a0b\u0103ng d\u00ednh ch\u1ecbu nhi\u1ec7t m\u00e0u c\u00e1nh gi\u00e1n n\u00e0y g\u00e2y \u1ea5n t\u01b0\u1ee3ng m\u1ea1nh m\u1ebd cho\u00a0ng\u01b0\u1eddi s\u1eed d\u1ee5ng b\u1edfi\u00a0c\u00e1c\u00a0\u0111i\u1ec3m t\u1ed1t\u00a0n\u1ed5i b\u1eadt\u00a0nh\u01b0 sau:<\/p>\n<p>&#8211; B\u0103ng d\u00ednh ch\u1ecbu nhi\u1ec7t\u00a0\u0111\u01b0\u1ee3c s\u1ea3n xu\u1ea5t v\u1edbi c\u00f4ng ngh\u1ec7 hi\u1ec7n \u0111\u1ea1i n\u00ean c\u00f3\u00a0\u0111\u1ed9 b\u00e1m d\u00ednh cao, \u0111\u1eb7c bi\u1ec7t th\u00edch h\u1ee3p\u00a0v\u1edbi \u0111i\u1ec1u ki\u1ec7n\u00a0th\u1eddi ti\u1ebft c\u1ee7a Vi\u1ec7t Nam\u00a0n\u00f3ng\u00a0v\u00e0 \u1ea9m.<\/p>\n<p>&#8211; B\u0103ng d\u00ednh ch\u1ecbu nhi\u1ec7t\u00a0c\u00f3 kh\u1ea3 n\u0103ng ch\u1ecbu \u0111\u01b0\u1ee3c nhi\u1ec7t \u0111\u1ed9 cao\u00a0t\u1eeb\u00a070 \u0111\u1ed9 C l\u00ean t\u1edbi 280 \u0111\u1ed9 C.<\/p>\n<p>&#8211; Lo\u1ea1i b\u0103ng d\u00ednh n\u00e0y c\u00f3 m\u00e0ng b\u1ec1n v\u1edbi \u0111\u1ed9 \u0111\u00e0n h\u1ed3i\u00a0th\u1ea5p,\u00a0d\u1ebbo dai, ch\u1ed1ng c\u1ecd s\u00e1t c\u1ef1c t\u1ed1t v\u00e0 v\u00e0 vi\u1ec7c v\u1ec7 sinh\u00a0kh\u00e1\u00a0d\u1ec5 d\u00e0ng.<\/p>\n<p><img loading=\"lazy\" decoding=\"async\" class=\"aligncenter wp-image-195 size-medium\" src=\"https:\/\/bangkeoghc.com\/wp-content\/uploads\/2020\/10\/bang-dinh-chiu-nhiet-225x300.jpg\" alt=\"\" width=\"225\" height=\"300\" \/><\/p>\n<p>&#8211; B\u0103ng d\u00ednh ch\u1ecbu nhi\u1ec7t kh\u00f4ng ch\u1ec9 c\u00f3 t\u00e1c d\u1ee5ng ch\u1ecbu \u0111\u01b0\u1ee3c nhi\u1ec7t \u0111\u1ed9 cao m\u00e0 n\u00f3 c\u00f2n\u00a0s\u1edf h\u1eefu\u00a0kh\u1ea3 n\u0103ng ch\u1ed1ng ch\u00e1y, ch\u1ed1ng s\u1ef1 \u0103n m\u00f2n v\u00ec th\u1ebf n\u00f3 \u0111\u01b0\u1ee3c \u1ee9ng d\u1ee5ng r\u1ea5t nhi\u1ec1u trong c\u00e1c ng\u00e0nh ngh\u1ec1 c\u00f4ng nghi\u1ec7p.<\/p>\n<p>&#8211; S\u1ea3n ph\u1ea9m c\u00f2n c\u00f3 t\u00e1c d\u1ee5ng c\u00e1ch \u0111i\u1ec7n.<\/p>\n<p>&#8211; B\u0103ng d\u00ednh kh\u00f4ng \u0111\u1ec3 l\u1ea1i keo tr\u00ean s\u1ea3n ph\u1ea9m sau khi b\u00f3c ra.<\/p>\n<p>&#8211; Tu\u1ed5i th\u1ecd s\u1eed d\u1ee5ng cao, gi\u00e1 th\u00e0nh r\u1ebb gi\u00fap ng\u01b0\u1eddi d\u00f9ng ti\u1ebft ki\u1ec7m chi ph\u00ed.<\/p>\n<p><img loading=\"lazy\" decoding=\"async\" class=\"aligncenter wp-image-198 size-medium\" src=\"https:\/\/bangkeoghc.com\/wp-content\/uploads\/2020\/10\/bang-dinh-chiu-nhiet-kapton-cong-nghiep-300x200.jpg\" alt=\"\" width=\"300\" height=\"200\" \/><\/p>\n<h3><strong>\u1ee8ng d\u1ee5ng c\u1ee7a b\u0103ng d\u00ednh ch\u1ecbu nhi\u1ec7t<\/strong><\/h3>\n<p>V\u1edbi nh\u1eefng \u0111\u1eb7c \u0111i\u1ec3m v\u01b0\u1ee3t tr\u1ed9i nh\u01b0 tr\u00ean c\u1ed9ng v\u1edbi gi\u00e1 th\u00e0nh r\u1ebb th\u00ec\u00a0<a href=\"http:\/\/bangkeoghc.com\">b\u0103ng d\u00ednh ch\u1ecbu nhi\u1ec7t\u00a0<\/a>\u0111\u01b0\u1ee3c s\u1eed d\u1ee5ng r\u1ed9ng r\u00e3i trong nhi\u1ec1u tr\u01b0\u1eddng h\u1ee3p nh\u01b0:<\/p>\n<p>&#8211; S\u1ea3n ph\u1ea9m \u0111\u01b0\u1ee3c s\u1eed d\u1ee5ng r\u1ed9ng r\u00e3i trong c\u00f4ng ngh\u1ec7 h\u00e0n, d\u00f9ng b\u0103ng d\u00ednh v\u00e0o c\u00e1c m\u1ed1i h\u00e0n.<\/p>\n<p>&#8211; B\u0103ng d\u00ednh ch\u1ecbu nhi\u1ec7t\u00a0s\u1eed d\u1ee5ng\u00a0trong\u00a0cung c\u1ea5p\u00a0linh ki\u1ec7n \u0111i\u1ec7n t\u1eed b\u00e1n d\u1eabn<\/p>\n<p>&#8211; B\u0103ng d\u00ednh ch\u1ecbu nhi\u1ec7t c\u00f3 th\u1ec3 \u0111\u01b0\u1ee3c\u00a0d\u00f9ng\u00a0\u0111\u1ec3 \u00e9p nhi\u1ec7t, ni\u00eam phong th\u1ef1c ph\u1ea9m,\u00a0c\u1ea5t\u00a0d\u01b0\u1ee3c ph\u1ea9m, \u00e9p d\u00e1n\u00a0c\u00e1c\u00a0t\u00fai nilon, m\u00e0ng b\u1ecdc nh\u1ef1a, h\u00f3a ch\u1ea5t, s\u01a1n t\u0129nh \u0111i\u1ec7n<\/p>\n<p>&#8211; B\u0103ng d\u00ednh v\u1ea3i ch\u1ecbu nhi\u1ec7t l\u00e0m t\u1ea5m l\u00f3t n\u01b0\u1edbng b\u00e1nh. V\u1edbi \u0111\u1eb7c t\u00ednh kh\u00f4ng b\u00e1m d\u00ednh v\u00e0 ch\u1ecbu nhi\u1ec7t cao n\u00ean \u0111\u1ed9 b\u1ec1n r\u1ea5t cao, s\u1eed d\u1ee5ng n\u01b0\u1edbng \u0111\u01b0\u1ee3c h\u01a1n 500 l\u1ea7n.<\/p>\n<p>&nbsp;<\/p>\n<p><img loading=\"lazy\" decoding=\"async\" class=\"wp-image-199 size-full aligncenter\" src=\"https:\/\/bangkeoghc.com\/wp-content\/uploads\/2020\/10\/bang-dinh-chiu-nhiet-teflon.jpg\" alt=\"\" width=\"500\" height=\"250\" \/><\/p>\n<p>&nbsp;<\/p>\n<p>&#8211; B\u0103ng d\u00ednh ch\u1ecbu nhi\u1ec7t s\u1eed d\u1ee5ng cho d\u00e2y ch\u1ecbu nhi\u1ec7t ph\u1ee7 film v\u1edbi \u0111\u1eb7c t\u00ednh kh\u00f4ng b\u00e1m d\u00ednh m\u1ecdi lo\u1ea1i v\u1eadt ch\u1ea5t n\u00ean s\u1eed d\u1ee5ng trong m\u00e1y n\u01b0\u1edbng b\u00e1nh c\u00f4ng nghi\u1ec7p<\/p>\n<p>&#8211; S\u1ea3n ph\u1ea9m s\u1eed d\u1ee5ng l\u00e0m d\u00e2y \u0111ai ch\u1ecbu nhi\u1ec7t ph\u1ee7 film d\u00f9ng trong m\u00e1y n\u01b0\u1edbng th\u1ecbt, c\u00e1, b\u00e1nh c\u00f4ng nghi\u1ec7p<\/p>\n<p>&#8211; B\u0103ng d\u00ednh ch\u1ecbu nhi\u1ec7t ph\u1ee7 Teflon d\u00e1n \u1edf n\u1eafp tr\u00ean \u0111\u1ec3 \u0111\u1eady l\u1ea1i khi n\u01b0\u1edbng s\u1ebd kh\u00f4ng b\u00e1m d\u00ednh v\u00e0 \u0111\u1ed9 b\u1ec1n cao.<\/p>\n<p><img loading=\"lazy\" decoding=\"async\" class=\"aligncenter wp-image-202 size-medium\" src=\"https:\/\/bangkeoghc.com\/wp-content\/uploads\/2020\/10\/s-l640-300x269.jpg\" alt=\"\" width=\"300\" height=\"269\" \/><\/p>\n<p style=\"text-align: center;\"><em>B\u0103ng d\u00ednh ch\u1ecbu nhi\u1ec7t teflon<\/em><\/p>\n<p>&#8211; B\u0103ng d\u00ednh ch\u1ecbu nhi\u1ec7t s\u1eed d\u1ee5ng l\u00e0m t\u1ea5m l\u00f3t b\u00e1nh ch\u1ecbu nhi\u1ec7t<\/p>\n<p>&#8211; B\u0103ng d\u00ednh ch\u1ecbu nhi\u1ec7t d\u00f9ng l\u00e0m b\u0103ng t\u1ea3i h\u1ea5p trong qu\u00e1 tr\u00ecnh h\u1ea5p b\u00e1nh ph\u1edf, m\u00ec c\u00f4ng nghi\u1ec7p<\/p>\n<p>&#8211; B\u0103ng d\u00ednh ch\u1ecbu nhi\u1ec7t\u00a0s\u1eed d\u1ee5ng\u00a0trong\u00a0l\u0129nh v\u1ef1c\u00a0bao\u00a0ph\u00e2n b\u00ec, \u00e9p nhi\u1ec7t v\u00e0\u00a01\u00a0s\u1ed1\u00a0l\u0129nh v\u1ef1c\u00a0kh\u00e1c.<\/p>\n<p>&nbsp;<\/p>\n<p><img loading=\"lazy\" decoding=\"async\" class=\"aligncenter wp-image-201 size-medium\" src=\"https:\/\/bangkeoghc.com\/wp-content\/uploads\/2020\/10\/industrial-kapton-heat-resistant-tape2-300x281.jpg\" alt=\"\" width=\"300\" height=\"281\" \/><\/p>\n<p>&nbsp;<\/p>\n","protected":false},"excerpt":{"rendered":"<ul>\n<li><strong>Xu\u1ea5t x\u1ee9: <\/strong>GHC H\u00e0 Nam<\/li>\n<li><strong>T\u00ecnh tr\u1ea1ng:<\/strong>C\u00f2n h\u00e0ng<\/li>\n<li><strong>Gi\u00e1 b\u00e1n: <\/strong><span class=\"sell\"><strong> Li\u00ean h\u1ec7 \u0111\u1ec3 \u0111\u01b0\u1ee3c gi\u00e1 t\u1ed1t<\/strong><\/span><\/li>\n<\/ul>\n","protected":false},"featured_media":472,"comment_status":"open","ping_status":"closed","template":"","meta":[],"class_list":{"0":"post-628","1":"product","2":"type-product","3":"status-publish","4":"has-post-thumbnail","6":"product_cat-classic","8":"first","9":"instock","10":"shipping-taxable","11":"product-type-simple"},"_links":{"self":[{"href":"https:\/\/bangkeohanam.com\/index.php?rest_route=\/wp\/v2\/product\/628","targetHints":{"allow":["GET"]}}],"collection":[{"href":"https:\/\/bangkeohanam.com\/index.php?rest_route=\/wp\/v2\/product"}],"about":[{"href":"https:\/\/bangkeohanam.com\/index.php?rest_route=\/wp\/v2\/types\/product"}],"replies":[{"embeddable":true,"href":"https:\/\/bangkeohanam.com\/index.php?rest_route=%2Fwp%2Fv2%2Fcomments&post=628"}],"version-history":[{"count":1,"href":"https:\/\/bangkeohanam.com\/index.php?rest_route=\/wp\/v2\/product\/628\/revisions"}],"predecessor-version":[{"id":656,"href":"https:\/\/bangkeohanam.com\/index.php?rest_route=\/wp\/v2\/product\/628\/revisions\/656"}],"wp:featuredmedia":[{"embeddable":true,"href":"https:\/\/bangkeohanam.com\/index.php?rest_route=\/wp\/v2\/media\/472"}],"wp:attachment":[{"href":"https:\/\/bangkeohanam.com\/index.php?rest_route=%2Fwp%2Fv2%2Fmedia&parent=628"}],"curies":[{"name":"wp","href":"https:\/\/api.w.org\/{rel}","templated":true}]}}