{"id":629,"date":"2023-03-13T13:52:14","date_gmt":"2023-03-13T13:52:14","guid":{"rendered":"https:\/\/bangkeohanam.com\/?post_type=product&#038;p=629"},"modified":"2023-03-13T13:52:21","modified_gmt":"2023-03-13T13:52:21","slug":"bang-dinh-opp-vang-chanh-sieu-dinh-2","status":"publish","type":"product","link":"https:\/\/bangkeohanam.com\/?product=bang-dinh-opp-vang-chanh-sieu-dinh-2","title":{"rendered":"B\u0103ng d\u00ednh OPP v\u00e0ng chanh si\u00eau d\u00ednh"},"content":{"rendered":"<p><strong>B\u0103ng d\u00ednh opp m\u00e0u v\u00e0ng chanh si\u00eau d\u00ednh <\/strong>\u0111\u01b0\u1ee3c s\u1ea3n xu\u1ea5t tr\u1ef1c ti\u1ebfp t\u1ea1i nh\u00e0 m\u00e1y c\u1ee7a c\u00f4ng ty <strong>GHC H\u00e0 Nam,\u00a0<\/strong>c\u00f3 \u0111\u1ed9 b\u00e1m d\u00ednh r\u1ea5t cao, th\u00edch h\u1ee3p \u0111\u1ec3 s\u1eed d\u1ee5ng trong nhi\u1ec1u l\u0129nh v\u1ef1c kh\u00e1c nhau nh\u01b0 s\u1ea3n xu\u1ea5t, x\u00e2y d\u1ef1ng, gi\u00e1o d\u1ee5c&#8230;. S\u1ea3n ph\u1ea9m d\u00ednh t\u1ed1t tr\u00ean c\u00e1c lo\u1ea1i b\u1ec1 m\u1eb7t g\u1ed7, th\u1ee7y tinh, nh\u1ef1a, gi\u1ea5y, b\u00eca c\u00e1t t\u00f4ng&#8230; Ngo\u00e0i ra, s\u1ea3n ph\u1ea9m c\u00f3 th\u1ec3 \u0111\u01b0\u1ee3c in logo c\u00f4ng ty theo y\u00eau c\u1ea7u c\u1ee7a kh\u00e1ch h\u00e0ng.<\/p>\n<p>&nbsp;<\/p>\n<p><img loading=\"lazy\" decoding=\"async\" class=\"size-full wp-image-211 aligncenter\" src=\"https:\/\/bangkeoghc.com\/wp-content\/uploads\/2020\/10\/bang-dinh-opp-khong-de-lai.png\" alt=\"\" width=\"550\" height=\"520\" \/><\/p>\n<p>&nbsp;<\/p>\n<h3>Th\u00f4ng tin c\u01a1 b\u1ea3n<\/h3>\n<p>&#8211; Nguy\u00ean li\u1ec7u: BOPP<\/p>\n<p>&#8211; Ch\u1ee9ng ch\u1ec9: ISO 9001: 2008, ROSH, SA8000<\/p>\n<p>&#8211; Keo: Acrylic<\/p>\n<p>&#8211; M\u00e0u: trong v\u00e0ng chanh; ngo\u00e0i ra c\u00f3 tr\u1eafng trong, \u0111\u1ee5c, n\u00e2u, tr\u1eafng\u2026<\/p>\n<p>&#8211; T\u00ednh ch\u1ea5t b\u00e1m d\u00ednh t\u1ed1t, kh\u00f4ng th\u1ea5m n\u01b0\u1edbc<\/p>\n<p>&#8211; Quy c\u00e1ch: \u0111\u1ed9 d\u00e0i, \u0111\u1ed9 d\u00e0y m\u00e0ng, \u0111\u1ed9 d\u00e0y keo t\u00f9y theo y\u00eau c\u1ea7u c\u1ee7a kh\u00e1ch h\u00e0ng<\/p>\n<p>&nbsp;<\/p>\n<h3>\u0110\u00f3ng g\u00f3i<\/h3>\n<p>C\u00f3 th\u1ec3 \u0111\u00f3ng g\u00f3i theo y\u00eau c\u1ea7u kh\u00e1ch h\u00e0ng<\/p>\n<p>VD: 6 cu\u1ed9n d\u1ecdc\/ngang m\u1ed7i b\u1ecdc<\/p>\n<p>1 cu\u1ed9n m\u1ed7i b\u1ecdc<\/p>\n<p>&nbsp;<\/p>\n<p><img loading=\"lazy\" decoding=\"async\" class=\"size-full wp-image-209 aligncenter\" src=\"https:\/\/bangkeoghc.com\/wp-content\/uploads\/2020\/10\/bang-dinh-vang-chanh.jpg\" alt=\"\" width=\"720\" height=\"960\" \/><\/p>\n<p>&nbsp;<\/p>\n<h3>\u0110\u1eb7c \u0111i\u1ec3m b\u0103ng d\u00ednh OPP s\u1ea3n xu\u1ea5t tr\u1ef1c ti\u1ebfp t\u1ea1i GHC<\/h3>\n<table border=\"1\" cellspacing=\"0\" cellpadding=\"0\">\n<tbody>\n<tr>\n<td>C\u1ea5u tr\u00fac b\u0103ng d\u00ednh<\/td>\n<td>M\u00e0ng BOPP + Keo Acrylic<\/td>\n<\/tr>\n<tr>\n<td>T\u00ednh ch\u1ea5t<\/td>\n<td>&#8211; \u0110\u1ed9 b\u00e1m d\u00ednh cao<\/p>\n<p>&#8211; Kh\u1ea3 n\u0103ng k\u00e9o d\u00e3n t\u1ed1t<\/p>\n<p>&#8211; Ch\u1ed1ng th\u1ea5m n\u01b0\u1edbc<\/p>\n<p>&#8211; Ph\u00f9 h\u1ee3p v\u1edbi \u0111i\u1ec1u ki\u1ec7n th\u1eddi ti\u1ebft kh\u1eafc nghi\u1ec7t \u1edf Vi\u1ec7t Nam<\/td>\n<\/tr>\n<tr>\n<td>Quy c\u00e1ch (d\u00e0i, r\u1ed9ng, \u0111\u1ed9 d\u00e0y)<\/td>\n<td>Theo y\u00eau c\u1ea7u<\/td>\n<\/tr>\n<tr>\n<td>M\u00e0u<\/td>\n<td>Tr\u1eafng trong \/ trong v\u00e0ng chanh \/ n\u00e2u \/ tr\u1eafng\u2026<\/td>\n<\/tr>\n<tr>\n<td>In<\/td>\n<td>Theo y\u00eau c\u1ea7u (in tr\u00ean m\u00e0ng b\u0103ng, tr\u00ean l\u00f5i)<\/td>\n<\/tr>\n<tr>\n<td>L\u00f5i<\/td>\n<td>Nh\u1ef1a; Gi\u1ea5y (Hanopro, Finger-T, Rabit\u2026)<\/td>\n<\/tr>\n<\/tbody>\n<\/table>\n<p>&nbsp;<\/p>\n<p>Khi s\u1eed d\u1ee5ng s\u1ea3n ph\u1ea9m c\u1ee7a c\u00f4ng ty GHC H\u00e0 Nam, qu\u00ed kh\u00e1ch s\u1ebd c\u1ea3m nh\u1eadn \u0111\u01b0\u1ee3c s\u1ef1 chuy\u00ean nghi\u1ec7p, t\u1eadn t\u00ecnh v\u00e0 chu \u0111\u00e1o c\u1ee7a \u0111\u1ed9i ng\u0169 nh\u00e2n vi\u00ean, v\u1edbi gi\u00e1 c\u1ea3 c\u1ea1nh tranh.<\/p>\n<p>C\u00e1c s\u1ea3n ph\u1ea9m ch\u00ednh l\u00e0:<\/p>\n<p>&nbsp;<\/p>\n<p>B\u0103ng d\u00ednh \u0111\u00f3ng th\u00f9ng.<br \/>\nB\u0103ng d\u00ednh hai m\u1eb7t.<br \/>\nB\u0103ng d\u00ednh \u0111i\u1ec7n, b\u0103ng d\u00ednh PVC .<br \/>\nB\u0103ng d\u00ednh gi\u1ea5y, b\u0103ng d\u00ednh s\u01a1n.<br \/>\nB\u0103ng d\u00ednh v\u0103n ph\u00f2ng ph\u1ea9m .<br \/>\nB\u0103ng d\u00ednh d\u00e1n n\u1ec1n, b\u0103ng d\u00ednh c\u1ea3nh b\u00e1o.<br \/>\nB\u0103ng d\u00ednh b\u1ea3o v\u1ec7 b\u1ec1 m\u1eb7t, b\u0103ng d\u00ednh d\u00e1n nh\u00f4m.<br \/>\n<a href=\"http:\/\/hanopro.com\/bang-dinh-dong-goi-opp.html\">\u00a0<\/a>\u00a0B\u0103ng d\u00ednh \u0111\u00f3ng g\u00f3i opp.<\/p>\n","protected":false},"excerpt":{"rendered":"<ul>\n<li><strong>Xu\u1ea5t x\u1ee9: <\/strong>GHC H\u00e0 Nam<\/li>\n<li><strong>T\u00ecnh tr\u1ea1ng:<\/strong>C\u00f2n h\u00e0ng<\/li>\n<li><strong>Gi\u00e1 b\u00e1n: <\/strong><span class=\"sell\"><strong> Li\u00ean h\u1ec7 \u0111\u1ec3 \u0111\u01b0\u1ee3c gi\u00e1 t\u1ed1t<\/strong><\/span><\/li>\n<\/ul>\n","protected":false},"featured_media":475,"comment_status":"open","ping_status":"closed","template":"","meta":[],"class_list":{"0":"post-629","1":"product","2":"type-product","3":"status-publish","4":"has-post-thumbnail","6":"product_cat-classic","8":"first","9":"instock","10":"shipping-taxable","11":"product-type-simple"},"_links":{"self":[{"href":"https:\/\/bangkeohanam.com\/index.php?rest_route=\/wp\/v2\/product\/629","targetHints":{"allow":["GET"]}}],"collection":[{"href":"https:\/\/bangkeohanam.com\/index.php?rest_route=\/wp\/v2\/product"}],"about":[{"href":"https:\/\/bangkeohanam.com\/index.php?rest_route=\/wp\/v2\/types\/product"}],"replies":[{"embeddable":true,"href":"https:\/\/bangkeohanam.com\/index.php?rest_route=%2Fwp%2Fv2%2Fcomments&post=629"}],"version-history":[{"count":1,"href":"https:\/\/bangkeohanam.com\/index.php?rest_route=\/wp\/v2\/product\/629\/revisions"}],"predecessor-version":[{"id":657,"href":"https:\/\/bangkeohanam.com\/index.php?rest_route=\/wp\/v2\/product\/629\/revisions\/657"}],"wp:featuredmedia":[{"embeddable":true,"href":"https:\/\/bangkeohanam.com\/index.php?rest_route=\/wp\/v2\/media\/475"}],"wp:attachment":[{"href":"https:\/\/bangkeohanam.com\/index.php?rest_route=%2Fwp%2Fv2%2Fmedia&parent=629"}],"curies":[{"name":"wp","href":"https:\/\/api.w.org\/{rel}","templated":true}]}}