{"id":635,"date":"2023-03-13T13:52:15","date_gmt":"2023-03-13T13:52:15","guid":{"rendered":"https:\/\/bangkeohanam.com\/?post_type=product&#038;p=635"},"modified":"2023-03-13T13:52:23","modified_gmt":"2023-03-13T13:52:23","slug":"jumbo-bang-dinh-2","status":"publish","type":"product","link":"https:\/\/bangkeohanam.com\/?product=jumbo-bang-dinh-2","title":{"rendered":"Jumbo b\u0103ng d\u00ednh"},"content":{"rendered":"<h2>B\u0103ng d\u00ednh jumbo l\u00e0 b\u0103ng d\u00ednh \u0111\u01b0\u1ee3c d\u00f9ng d\u00e1n th\u00f9ng d\u00e1n s\u1ea3n ph\u1ea9m v\u1edbi nhi\u1ec1u \u1ee9ng d\u1ee5ng h\u1eefu \u00edch kh\u00e1c.<\/h2>\n<h3>C\u1ea5u t\u1ea1o Jumbo b\u0103ng d\u00ednh:<\/h3>\n<p>+Keo Acrylic v\u00e0 m\u00e0ng OPP, PVC c\u00f3 chi\u1ec1u kh\u1ed5 2.4cm; 4.8cm; 6cm; 7cm\u2026 chi\u1ec1u d\u00e0i 50 m, 90 m, 135 m\u2026<br \/>\n+Do Vi\u1ec7t Nam s\u1ea3n xu\u1ea5t<br \/>\n+D\u00ednh: 1 m\u1eb7t<\/p>\n<p><img loading=\"lazy\" decoding=\"async\" class=\"wp-image-295 size-large aligncenter\" src=\"https:\/\/bangkeoghc.com\/wp-content\/uploads\/2020\/10\/jumbo-bang-dinh-ghc-1024x768.jpg\" alt=\"\" width=\"1020\" height=\"765\" \/><\/p>\n<h3>L\u00ed do b\u1ea1n n\u00ean ch\u1ecdn mua s\u1ea3n ph\u1ea9m c\u1ee7a GHC:<\/h3>\n<p>+\u0110\u1ee7 kh\u1ed5 2.4cm; 4.8cm; 6cm; 7cm\u2026<br \/>\n+V\u00e0 chi\u1ec1u d\u00e0i 50 m, 90 m, 135 m\u2026<br \/>\n+\u0110\u1ed9 d\u00ednh t\u1ed1t m\u00e0ng kh\u00f4ng b\u1ecb r\u00e1ch ho\u1eb7c d\u00ednh keo.<br \/>\n+S\u1eed d\u1ee5ng v\u1edbi th\u1eddi gian l\u00e2u d\u00e0i, kh\u00f4ng b\u1ecb h\u1ecfng v\u00e0 d\u1ec5 b\u1ecb t\u00e1c \u0111\u1ed9ng b\u1edfi c\u00e1c y\u1ebfu t\u1ed1 ngo\u1ea1i c\u1ea3nh.<br \/>\nTuy nhi\u00ean, khi s\u1eed d\u1ee5ng v\u00e0 b\u1ea3o qu\u1ea3n <a href=\"https:\/\/bangkeoghc.com\/\">Jumbo b\u0103ng d\u00ednh<\/a>, kh\u00e1ch h\u00e0ng n\u00ean l\u01b0u t\u00e2m \u0111\u1ebfn c\u00e1c khuy\u1ebfn ngh\u1ecb c\u1ee7a nh\u00e0 m\u00e1y \u0111\u1ec3 s\u1ea3n ph\u1ea9m lu\u00f4n \u0111\u1ea1t ch\u1ea5t l\u01b0\u1ee3ng t\u1ed1t nh\u1ea5t.<br \/>\nV\u1edbi ph\u01b0\u01a1ng ch\u00e2m ph\u1ee5c v\u1ee5 kh\u00e1ch h\u00e0ng l\u00e0 tr\u00ean h\u1ebft, t\u1ea5t c\u1ea3 c\u00e1c b\u1ed9 ph\u1eadn v\u00e0 chi nh\u00e1nh b\u00e1n h\u00e0ng tr\u00ean c\u1ea3 n\u01b0\u1edbc \u0111\u1ec1u n\u1ed7 l\u1ef1c th\u1ecfa m\u00e3n nhu c\u1ea7u kh\u00e1ch h\u00e0ng.<br \/>\nV\u1edbi kinh nghi\u1ec7m l\u00e2u n\u0103m trong ng\u00e0nh s\u1ea3n xu\u1ea5t b\u0103ng d\u00ednh, c\u00f4ng ty TNHH GHC H\u00e0 Nam ng\u00e0y c\u00e0ng ph\u00e1t tri\u1ec3n v\u1edbi nhi\u1ec1u l\u0129nh v\u1ef1c nh\u1eb1m ph\u1ee5c v\u1ee5 c\u1ed9ng \u0111\u1ed3ng.<\/p>\n<p><img loading=\"lazy\" decoding=\"async\" class=\"wp-image-294 size-large aligncenter\" src=\"https:\/\/bangkeoghc.com\/wp-content\/uploads\/2020\/10\/jumbo-bang-dinh-ghc-1-1024x768.jpg\" alt=\"\" width=\"1020\" height=\"765\" \/><\/p>\n<p><a href=\"https:\/\/bangkeoghc.com\">Jumbo b\u0103ng d\u00ednh gi\u00e1 r\u1ebb<\/a> l\u00e0 lo\u1ea1i b\u0103ng d\u00ednh \u0111\u1ee5c 1 m\u1eb7t d\u00f9ng \u0111\u1ec3 d\u00e1n th\u00f9ng. \u0110\u00f3ng g\u00f3i bao b\u00ec s\u1ea3n ph\u1ea9m, h\u00e0ng h\u00f3a. S\u1eed d\u1ee5ng keo Acrylic qu\u1ebft l\u00ean b\u1ec1 m\u1eb7t v\u1eadt li\u1ec7u qu\u1ebft keo l\u00e0 nh\u1eefng v\u1eadt li\u1ec7u m\u1ec1m, dai kh\u00e1c nhau nh\u01b0:<\/p>\n<p>M\u00e0ng nh\u1ef1a BOPP, PVC\u2026 ;<\/p>\n<p>L\u00e0 lo\u1ea1i s\u1ea3n ph\u1ea9m c\u00f3 \u0111\u1ed9 d\u00ednh t\u1ed1t v\u00e0 \u0111\u1ed9 \u0111\u00e0n h\u1ed3i cao. kh\u00f4ng b\u1ecb \u0111\u1ee9t khi d\u00e1n.<\/p>\n","protected":false},"excerpt":{"rendered":"<div class=\"product-short-description\">\n<div class=\"product-short-description\">\n<ul>\n<li><strong>Xu\u1ea5t x\u1ee9: <\/strong>GHC H\u00e0 Nam<\/li>\n<li><strong>T\u00ecnh tr\u1ea1ng:<\/strong>C\u00f2n h\u00e0ng<\/li>\n<li><span style=\"color: #ed1c24;\"><strong>Gi\u00e1 b\u00e1n: <\/strong><span class=\"sell\"><strong> Li\u00ean h\u1ec7 \u0111\u1ec3 \u0111\u01b0\u1ee3c gi\u00e1 t\u1ed1t<\/strong><\/span><\/span><\/li>\n<\/ul>\n<\/div>\n<\/div>\n","protected":false},"featured_media":491,"comment_status":"closed","ping_status":"closed","template":"","meta":[],"class_list":{"0":"post-635","1":"product","2":"type-product","3":"status-publish","4":"has-post-thumbnail","6":"product_cat-classic","8":"first","9":"instock","10":"shipping-taxable","11":"product-type-simple"},"_links":{"self":[{"href":"https:\/\/bangkeohanam.com\/index.php?rest_route=\/wp\/v2\/product\/635","targetHints":{"allow":["GET"]}}],"collection":[{"href":"https:\/\/bangkeohanam.com\/index.php?rest_route=\/wp\/v2\/product"}],"about":[{"href":"https:\/\/bangkeohanam.com\/index.php?rest_route=\/wp\/v2\/types\/product"}],"replies":[{"embeddable":true,"href":"https:\/\/bangkeohanam.com\/index.php?rest_route=%2Fwp%2Fv2%2Fcomments&post=635"}],"version-history":[{"count":1,"href":"https:\/\/bangkeohanam.com\/index.php?rest_route=\/wp\/v2\/product\/635\/revisions"}],"predecessor-version":[{"id":663,"href":"https:\/\/bangkeohanam.com\/index.php?rest_route=\/wp\/v2\/product\/635\/revisions\/663"}],"wp:featuredmedia":[{"embeddable":true,"href":"https:\/\/bangkeohanam.com\/index.php?rest_route=\/wp\/v2\/media\/491"}],"wp:attachment":[{"href":"https:\/\/bangkeohanam.com\/index.php?rest_route=%2Fwp%2Fv2%2Fmedia&parent=635"}],"curies":[{"name":"wp","href":"https:\/\/api.w.org\/{rel}","templated":true}]}}