{"id":636,"date":"2023-03-13T13:52:15","date_gmt":"2023-03-13T13:52:15","guid":{"rendered":"https:\/\/bangkeohanam.com\/?post_type=product&#038;p=636"},"modified":"2023-03-13T13:52:24","modified_gmt":"2023-03-13T13:52:24","slug":"bang-dinh-2-mat-2","status":"publish","type":"product","link":"https:\/\/bangkeohanam.com\/?product=bang-dinh-2-mat-2","title":{"rendered":"B\u0103ng d\u00ednh 2 m\u1eb7t"},"content":{"rendered":"<h2>B\u0103ng d\u00ednh 2 m\u1eb7t \u0111\u1eb7c t\u00ednh v\u00e0 \u1ee9ng d\u1ee5ng<\/h2>\n<p><strong>B\u0103ng d\u00ednh 2 m\u1eb7t s\u1eed d\u1ee5ng lo\u1ea1i keo acrylic v\u1edbi t\u00ednh \u0111\u00e0n h\u1ed3i t\u1ed1t v\u00e0 c\u00f3 \u0111\u1ed9 b\u1ec1n cao. C\u00f3 th\u1ec3 b\u00e1m d\u00ednh \u1edf nhi\u1ec1u b\u1ec1 m\u1eb7t v\u1edbi c\u00e1c ch\u1ea5t li\u1ec7u kh\u00e1c nhau. \u1ee8ng d\u1ee5ng nhi\u1ec1u m\u1eb7t trong \u0111\u1eddi s\u1ed1ng.<\/strong><\/p>\n<h3>B\u0103ng d\u00ednh 2 m\u1eb7t c\u00f3 th\u1ec3 l\u00e0m g\u00ec<\/h3>\n<p><img loading=\"lazy\" decoding=\"async\" class=\"aligncenter wp-image-329 size-large\" src=\"https:\/\/bangkeoghc.com\/wp-content\/uploads\/2020\/10\/bang-keo-hai-mat-xop-1024x683.jpg\" alt=\"\" width=\"1020\" height=\"680\" \/><\/p>\n<p>B\u0103ng d\u00ednh hai m\u1eb7t s\u1eed d\u1ee5ng trong nh\u00e0 b\u1ebfp thay th\u1ebf \u0111inh, m\u00f3c treo<\/p>\n<p>M\u1ed9t l\u00fac n\u00e0o \u0111\u00f3 b\u1ea1n mu\u1ed1n g\u1eafn t\u1ea5m g\u01b0\u01a1ng l\u00ean t\u01b0\u1eddng hay c\u1ed1 \u0111\u1ecbnh t\u1ea1m th\u1eddi m\u1ed9t th\u1ee9 g\u00ec \u0111\u00f3 trong th\u1eddi gian ng\u1eafn v\u00e0i ba ng\u00e0y. B\u1ea1n kh\u00f4ng mu\u1ed1n d\u00f9ng \u0111\u1ebfn \u0111inh bua, khoan v\u00ec s\u1ebd \u0111\u1ec3 l\u1ea1i tr\u00ean t\u01b0\u1eddng m\u1ed9t c\u00e1i l\u1ed7 tr\u00f4ng r\u1ea5t kh\u00f3 ch\u1ecbu. \u0110\u00f3 l\u00e0 l\u00fac b\u1ea1n c\u1ea7n \u0111\u1ebfn b\u0103ng d\u00ednh hai m\u1eb7t \u0111\u1ea5y l\u00e0 s\u1ef1 l\u1ef1a ch\u1ecdn ho\u00e0n h\u1ea3o.<\/p>\n<p><a href=\"https:\/\/bangkeoghc.com\/\">B\u0103ng d\u00ednh 2 m\u1eb7t<\/a>\u00a0\u0111\u01b0\u1ee3c s\u1eed d\u1ee5ng \u1edf trong nhi\u1ec1u l\u0129nh v\u1ef1c t\u1eeb c\u00f4ng nghi\u1ec7p \u0111\u1ebfn \u0111\u1eddi s\u1ed1ng h\u00e0ng ng\u00e0y, r\u1ea5t \u0111\u01b0\u1ee3c ng\u01b0\u1eddi ti\u00eau d\u00f9ng \u01b0a chu\u1ed9ng. B\u0103ng d\u00ednh hai m\u1eb7t d\u00f9ng \u0111\u1ec3 g\u1eafn k\u1ebft 2 b\u1ed9 ph\u1eadn l\u1ea1i v\u1edbi nhau v\u1edbi m\u1ed9t li\u00ean k\u1ebft v\u0129nh vi\u1ec5n ho\u1eb7c \u0111\u01a1n gi\u1ea3n l\u00e0 trong m\u1ed9t th\u1eddi gian ng\u1eafn. T\u00f9y v\u00e0o vi\u1ec7c s\u1eed d\u1ee5ng v\u00e0o c\u00f4ng vi\u1ec7c g\u00ec th\u00ec b\u0103ng d\u00e1n c\u0169ng c\u00f3 nhi\u1ec1u lo\u1ea1i: b\u0103ng d\u00e1n 2 m\u1eb7t; b\u0103ng d\u00ednh hai m\u1eb7t x\u1ed1p; b\u0103ng d\u00ednh 2 m\u1eb7t trong, <strong>b\u0103ng keo 2 m\u1eb7t si\u00eau d\u00ednh<\/strong>\u2026<\/p>\n<p>&nbsp;<\/p>\n<p>B\u0103ng d\u00e1n hai m\u1eb7t \u1ee9ng d\u1ee5ng trong ng\u00e0nh c\u00f4ng nghi\u1ec7p<\/p>\n<p>&nbsp;<\/p>\n<p>Ch\u00ednh v\u00ec kh\u1ea3 n\u0103ng li\u00ean k\u1ebft \u1ea9n n\u00ean b\u0103ng keo hai m\u1eb7t \u0111\u01b0\u1ee3c d\u00f9ng \u0111\u1ec3 d\u00e1n c\u00e1c \u0111\u1ed3 v\u1eadt trang tr\u00ed, treo tranh \u1ea3nh poster\u2026 thay th\u1ebf cho \u0111inh, v\u00edt, m\u0169i khoan n\u00ean kh\u00f4ng l\u00e0m h\u1ecfng t\u01b0\u1eddng nh\u00e0 b\u1ea1n. Ngo\u00e0i ra v\u00ec t\u00ednh ti\u1ec7n d\u1ee5ng c\u1ee7a n\u00f3 m\u00e0 <strong>b\u0103ng keo hai m\u1eb7t x\u1ed1p<\/strong> c\u00f2n \u0111\u01b0\u1ee3c s\u1eed d\u1ee5ng nhi\u1ec1u trong nhi\u1ec1u l\u0129nh v\u1ef1c kh\u00e1c, trong c\u00f4ng nghi\u1ec7p, th\u1ee7 c\u00f4ng m\u1ef9 ngh\u1ec7\u2026<\/p>\n<p><img loading=\"lazy\" decoding=\"async\" class=\"aligncenter wp-image-326 size-full\" src=\"https:\/\/bangkeoghc.com\/wp-content\/uploads\/2020\/10\/bang-keo-2-mat.jpg\" alt=\"\" width=\"750\" height=\"692\" \/><\/p>\n<h3>T\u00ednh ch\u1ea5t c\u1ee7a b\u0103ng d\u00ednh hai m\u1eb7t<\/h3>\n<p><img loading=\"lazy\" decoding=\"async\" class=\"wp-image-324 size-full aligncenter\" src=\"https:\/\/bangkeoghc.com\/wp-content\/uploads\/2020\/10\/bang-dinh-hai-mat-ung-dung-nhieu-mat-cuoc-song.jpg\" alt=\"\" width=\"790\" height=\"453\" \/><\/p>\n<p><a href=\"http:s\/\/bangkeoghc.com\/\">B\u0103ng d\u00ednh hai m\u1eb7t<\/a>\u00a0\u0111\u01b0\u1ee3c c\u1ea5u t\u1ea1o t\u1eeb 3 l\u1edbp bao g\u1ed3m: l\u1edbp v\u1ecf, l\u1edbp n\u1ec1n, l\u1edbp keo<\/p>\n<p>L\u1edbp v\u1ecf l\u00e0 l\u1edbp che ph\u1ee7 l\u1edbp keo \u1edf b\u00ean ngo\u00e0i, m\u1ed9t th\u00e0nh ph\u1ea7n r\u1ea5t quan tr\u1ecdng c\u1ee7a cu\u1ed9n b\u0103ng d\u00ednh. T\u00f9y v\u00e0o c\u00e1c lo\u1ea1i b\u0103ng d\u00ednh kh\u00e1c nhau m\u00e0 c\u00f4ng ty GHC s\u1eed d\u1ee5ng v\u1eadt li\u1ec7u l\u00e0m n\u00ean l\u1edbp v\u1ecf kh\u00e1c nhau, c\u00f3 th\u1ec3 l\u00e0 gi\u1ea5y ho\u1eb7c m\u00e0ng film.<\/p>\n<p>L\u1edbp n\u1ec1n v\u1edbi 2 m\u1eb7t \u0111\u01b0\u1ee3c tr\u00e1ng keo gi\u00fap g\u1eafn k\u1ebft 2 b\u1ed9 ph\u1eadn. T\u00f9y v\u00e0o b\u1ec1 m\u1eb7t \u1ee9ng d\u1ee5ng m\u00e0 s\u1eed d\u1ee5ng lo\u1ea1i b\u0103ng d\u00ednh kh\u00e1c nhau. V\u1edbi b\u1ec1 m\u1eb7t kh\u00f4 r\u00e1p, h\u01a1i s\u1ea7n s\u00f9i th\u00ec l\u1edbp n\u1ec1n s\u1eed d\u1ee5ng nguy\u00ean li\u1ec7u x\u1ed1p l\u00e0 gi\u1ea3i ph\u00e1p th\u00edch h\u1ee3p. \u0110\u1ed1i v\u1edbi l\u1edbp n\u1ec1n film m\u1ecfng s\u1ebd s\u1eed d\u1ee5ng khi c\u1ea7n g\u1eafn k\u1ebft c\u00e1c b\u1ed9 ph\u1eadn trong su\u1ed1t. GHC H\u00e0 Nam s\u1ea3n xu\u1ea5t v\u00e0 ph\u00e2n ph\u1ed1i c\u1ea3 2 lo\u1ea1i <strong>b\u0103ng d\u00e1n hai m\u1eb7t<\/strong> n\u00e0y.<\/p>\n<p>&nbsp;<\/p>\n<p><img loading=\"lazy\" decoding=\"async\" class=\"size-full wp-image-327 aligncenter\" src=\"https:\/\/bangkeoghc.com\/wp-content\/uploads\/2020\/10\/bang-keo-2-mat-dan-tuong.jpg\" alt=\"\" width=\"800\" height=\"241\" \/><\/p>\n<p>Kh\u1ea3 n\u0103ng b\u00e1m d\u00ednh ch\u1eafc ch\u1eafn tr\u00ean t\u01b0\u1eddng c\u1ee7a b\u0103ng keo 2 m\u1eb7t<\/p>\n<p>L\u1edbp keo \u0111\u01b0\u1ee3c s\u1eed d\u1ee5ng l\u00e0 lo\u1ea1i keo acrylic c\u00f3 \u0111\u1ed9 b\u00e1m d\u00ednh cao, b\u1ec1n b\u1ec9 v\u1edbi th\u1eddi gian c\u0169ng nh\u01b0 \u0111i\u1ec1u ki\u1ec7n m\u00f4i tr\u01b0\u1eddng, ch\u1ecbu \u0111\u01b0\u1ee3c nhi\u1ec7t \u0111\u1ed9 cao v\u00e0 \u0111\u1eb7c bi\u1ec7t l\u00e0 kh\u00f4ng \u0111\u1ec3 l\u1ea1i keo sau khi b\u00f3c t\u00e1ch \u0111\u1ea3m b\u1ea3o th\u1ea9m m\u1ef9 t\u1ed1t.<\/p>\n<p><strong>B\u0103ng keo hai m\u1eb7t GHC s\u1eed d\u1ee5ng \u0111\u01b0\u1ee3c tr\u00ean c\u00e1c b\u1ec1 m\u1eb7t:<\/strong><\/p>\n<ul>\n<li>G\u1ed7, k\u00ednh, nh\u1ef1a c\u1ee9ng, th\u1ee7y tinh<\/li>\n<li>Mica, Alu, g\u1ea1ch men, t\u01b0\u1eddng s\u01a1n<\/li>\n<li>C\u00e1c b\u1ec1 m\u1eb7t kim lo\u1ea1i: s\u1eaft, th\u00e9p,inox<\/li>\n<\/ul>\n<p><strong>\u0110\u1eb7c t\u00ednh:<\/strong><\/p>\n<ul>\n<li>K\u1ebft d\u00ednh cao<\/li>\n<li>Ch\u1ecbu l\u1ef1c t\u1ed1t<\/li>\n<li>C\u00f3 \u0111\u1ed9 \u0111\u00e0n h\u1ed3i v\u00e0 rung \u0111\u1ed9ng t\u1ed1t<\/li>\n<li>Ch\u1ecbu nhi\u1ec7t \u0111\u1ebfn 150C<\/li>\n<li>Ch\u1ed1ng th\u1ea5m n\u01b0\u01a1c, ch\u1ed1ng tia UV, ch\u1ed1ng \u0103n m\u00f2n, ch\u1ed1ng l\u00e3o h\u00f3a<\/li>\n<li>T\u00ednh th\u1ea9m m\u1ef9 cao<\/li>\n<\/ul>\n<h2>B\u0103ng keo hai m\u1eb7t s\u1ea3n xu\u1ea5t t\u1ea1i c\u00f4ng ty GHC<\/h2>\n<p><img loading=\"lazy\" decoding=\"async\" class=\"aligncenter wp-image-329 size-medium\" src=\"https:\/\/bangkeoghc.com\/wp-content\/uploads\/2020\/10\/bang-keo-hai-mat-xop-300x200.jpg\" alt=\"\" width=\"300\" height=\"200\" \/><\/p>\n<p><img loading=\"lazy\" decoding=\"async\" class=\"aligncenter wp-image-328 size-medium\" src=\"https:\/\/bangkeoghc.com\/wp-content\/uploads\/2020\/10\/bang-keo-hai-mat-300x200.jpg\" alt=\"\" width=\"300\" height=\"200\" \/><\/p>\n<p><img loading=\"lazy\" decoding=\"async\" class=\"aligncenter wp-image-325 size-medium\" src=\"https:\/\/bangkeoghc.com\/wp-content\/uploads\/2020\/10\/bang-dinh-xop-2-mat-300x200.jpg\" alt=\"\" width=\"300\" height=\"200\" \/><\/p>\n","protected":false},"excerpt":{"rendered":"<ul>\n<li><strong>Xu\u1ea5t x\u1ee9: <\/strong>GHC H\u00e0 Nam<\/li>\n<li><strong>T\u00ecnh tr\u1ea1ng:<\/strong>C\u00f2n h\u00e0ng<\/li>\n<li><strong>Gi\u00e1 b\u00e1n: <\/strong><span class=\"sell\"><strong> Li\u00ean h\u1ec7 \u0111\u1ec3 \u0111\u01b0\u1ee3c gi\u00e1 t\u1ed1t<\/strong><\/span><\/li>\n<\/ul>\n","protected":false},"featured_media":494,"comment_status":"closed","ping_status":"closed","template":"","meta":[],"class_list":{"0":"post-636","1":"product","2":"type-product","3":"status-publish","4":"has-post-thumbnail","6":"product_cat-classic","8":"first","9":"instock","10":"shipping-taxable","11":"product-type-simple"},"_links":{"self":[{"href":"https:\/\/bangkeohanam.com\/index.php?rest_route=\/wp\/v2\/product\/636","targetHints":{"allow":["GET"]}}],"collection":[{"href":"https:\/\/bangkeohanam.com\/index.php?rest_route=\/wp\/v2\/product"}],"about":[{"href":"https:\/\/bangkeohanam.com\/index.php?rest_route=\/wp\/v2\/types\/product"}],"replies":[{"embeddable":true,"href":"https:\/\/bangkeohanam.com\/index.php?rest_route=%2Fwp%2Fv2%2Fcomments&post=636"}],"version-history":[{"count":1,"href":"https:\/\/bangkeohanam.com\/index.php?rest_route=\/wp\/v2\/product\/636\/revisions"}],"predecessor-version":[{"id":664,"href":"https:\/\/bangkeohanam.com\/index.php?rest_route=\/wp\/v2\/product\/636\/revisions\/664"}],"wp:featuredmedia":[{"embeddable":true,"href":"https:\/\/bangkeohanam.com\/index.php?rest_route=\/wp\/v2\/media\/494"}],"wp:attachment":[{"href":"https:\/\/bangkeohanam.com\/index.php?rest_route=%2Fwp%2Fv2%2Fmedia&parent=636"}],"curies":[{"name":"wp","href":"https:\/\/api.w.org\/{rel}","templated":true}]}}