{"id":651,"date":"2023-03-13T13:52:19","date_gmt":"2023-03-13T13:52:19","guid":{"rendered":"https:\/\/bangkeohanam.com\/?post_type=product&#038;p=651"},"modified":"2023-03-13T13:52:30","modified_gmt":"2023-03-13T13:52:30","slug":"bang-dinh-canh-bao-2","status":"publish","type":"product","link":"https:\/\/bangkeohanam.com\/?product=bang-dinh-canh-bao-2","title":{"rendered":"B\u0103ng d\u00ednh c\u1ea3nh b\u00e1o"},"content":{"rendered":"<h2><em>C\u00e1c lo\u1ea1i <strong>b\u0103ng d\u00ednh c\u1ea3nh b\u00e1o<\/strong> \u0111\u00fang nh\u01b0 t\u00ean g\u1ecdi c\u1ee7a n\u00f3 th\u00ec \u0111\u01b0\u1ee3c d\u00f9ng \u0111\u1ec3 c\u1ea3nh b\u00e1o nh\u1eefng khu v\u1ef1c nguy hi\u1ec3m hay nh\u1eefng n\u01a1i \u0111\u1eb7c bi\u1ec7t \u0111\u1ec3 m\u1ecdi ng\u01b0\u1eddi \u0111\u01b0\u1ee3c bi\u1ebft v\u00e0 c\u1ea9n th\u1eadn h\u01a1n. Ch\u00fang c\u00f3 nh\u1eefng \u0111\u1eb7c \u0111i\u1ec3m ri\u00eang bi\u1ec7t \u1ee9ng v\u1edbi c\u00f4ng d\u1ee5ng c\u1ee7a m\u00ecnh m\u00e0 c\u00e1c lo\u1ea1i b\u0103ng d\u00ednh th\u00f4ng th\u01b0\u1eddng kh\u00e1c kh\u00f4ng c\u00f3.<\/em><\/h2>\n<p align=\"center\"><img loading=\"lazy\" decoding=\"async\" class=\"size-full wp-image-377 aligncenter\" src=\"https:\/\/bangkeohanam.com\/wp-content\/uploads\/2020\/10\/bang-dinh-canh-bao.jpg\" alt=\"\" width=\"656\" height=\"656\" \/><\/p>\n<p><strong>B\u0103ng d\u00ednh c\u1ea3nh b\u00e1o<\/strong> hay b\u0103ng keo c\u1ea3nh c\u00e1o l\u00e0 lo\u1ea1i b\u0103ng d\u00ednh chuy\u00ean s\u1eed d\u1ee5ng \u0111\u1ec3 c\u1ea3nh b\u00e1o trong nh\u1eefng khu v\u1ef1c \u0111\u1eb7c bi\u1ec7t v\u1edbi 2 m\u00e0u s\u1ecdc kh\u00e1c nhau so le: \u0110en \u2013 v\u00e0ng, tr\u1eafng \u2013 \u0111\u1ecf, \u0111en \u2013 tr\u1eafng, \u0111\u1ecf &#8211; tr\u1eafng. \u0110\u01b0\u1ee3c s\u1eed d\u1ee5ng ph\u1ed5 bi\u1ebfn trong c\u00e1c c\u00f4ng tr\u00ecnh x\u00e2y d\u1ef1ng hay nh\u00e0 x\u01b0\u1edfng, nh\u00e0 kho, khu ch\u1ebf xu\u1ea5t, b\u00e3i \u0111\u1ed7 xe,&#8230;<\/p>\n<p><strong>\u0110\u1eb7c \u0111i\u1ec3m c\u1ee7a b\u0103ng d\u00ednh c\u1ea3nh b\u00e1o<\/strong><\/p>\n<p>&#8211; V\u1edbi th\u00e0nh ph\u1ea7n ch\u00ednh l\u00e0 l\u1edbp keo ACE trong su\u1ed1t c\u00f9ng c\u00e1c th\u00e0nh ph\u1ea7n nh\u01b0 PVC, BOPP\u2026c\u00f3 kh\u1ea3 n\u0103ng ph\u1ee7 l\u1edbp v\u00e0 d\u1ebbo dai \u0111\u1ebfn b\u1ea5t ng\u1edd.<\/p>\n<p>&#8211; \u0110\u1ed9 d\u00ednh ch\u1eafc ch\u1eafn trong th\u1eddi gian l\u00e2u d\u00e0i, m\u00e0ng c\u00f3 \u0111\u1ed9 b\u1ec1n cao, ch\u1ecbu \u0111\u01b0\u1ee3c l\u1ef1c b\u00ean ngo\u00e0i.<\/p>\n<p>&#8211; C\u00f3 th\u1ec3 b\u00e1m d\u00ednh tr\u00ean nhi\u1ec1u b\u1ec1 m\u1eb7t kh\u00e1c nhau: \u0110\u00e1, g\u1ed7, t\u01b0\u1eddng, k\u00ednh, n\u1ec1n,&#8230;<\/p>\n<p>&#8211; Ch\u1ec9 c\u1ea7n k\u00e9o m\u1ed9t \u0111\u01b0\u1eddng c\u01a1 b\u1ea3n, r\u1ea1ch s\u1eb5n theo \u0111\u01b0\u1eddng \u0111\u00e3 \u0111\u1ecbnh v\u1ecb s\u1eb5n, b\u1ea1n c\u00f3 th\u1ec3 d\u00ednh l\u00ean c\u00e1c th\u00f9ng gi\u1ea5y, th\u00f9ng x\u1ed1p\u2026hay b\u1ec1 m\u1eb7t c\u00e1c bao b\u00ec d\u1ec5 d\u00e0ng v\u00e0 kh\u00f4ng lo \u0111\u1ec3 l\u1ea1i v\u1ebft x\u01b0\u1edbc hay h\u01b0 h\u1ecfng.<\/p>\n<p><strong>&#8211; B\u0103ng d\u00ednh c\u1ea3nh b\u00e1o<\/strong> s\u1edf d\u0129 c\u00f3 th\u1ec3 gi\u00fap cho ng\u01b0\u1eddi kh\u00e1c nh\u1eadn bi\u1ebft \u0111\u01b0\u1ee3c n\u01a1i nguy hi\u1ec3m hay l\u00e0 khu v\u1ef1c c\u1ea7n \u0111\u1eb7c bi\u1ec7t ch\u00fa \u00fd l\u00e0 b\u1edfi v\u00ec ch\u00fang c\u00f3 m\u00e0u s\u1eafc r\u1ea5t ri\u00eang. th\u01b0\u1eddng s\u1ebd c\u00f3 2 m\u00e0u s\u1ecdc n\u1eb1m so le nhau nh\u01b0: Tr\u1eafng \u2013 \u0111en, \u0111\u1ecf &#8211; \u0111en, \u0111\u1ecf &#8211; tr\u1eafng, xanh \u2013 tr\u1eafng,&#8230; C\u00e1c nh\u00e0 s\u1ea3n xu\u1ea5t c\u0169ng c\u00f3 th\u1ec3 l\u00e0m theo y\u00eau c\u1ea7u ri\u00eang c\u1ee7a t\u1eebng kh\u00e1ch h\u00e0ng.<\/p>\n<p align=\"center\"><em><img loading=\"lazy\" decoding=\"async\" class=\"wp-image-376 size-large aligncenter\" src=\"https:\/\/bangkeohanam.com\/wp-content\/uploads\/2020\/10\/bang-dinh-canh-bao-gia-re-1024x1024.jpg\" alt=\"\" width=\"1020\" height=\"1020\" \/><\/em><\/p>\n<p align=\"center\"><em>B\u0103ng d\u00ednh c\u1ea3nh b\u00e1o c\u00f3 nhi\u1ec1u \u01b0u \u0111i\u1ec3m ri\u00eang bi\u1ec7t<\/em><\/p>\n<p><strong>\u0110\u1ecba ch\u1ec9 cung c\u1ea5p b\u0103ng d\u00ednh c\u1ea3nh b\u00e1o ch\u1ea5t l\u01b0\u1ee3ng<\/strong><\/p>\n<p>Th\u1ecb tr\u01b0\u1eddng b\u0103ng d\u00ednh t\u1ea1i Vi\u1ec7t Nam \u0111ang r\u1ea5t ph\u1ed5 bi\u1ebfn khi\u1ebfn nhi\u1ec1u m\u1eb7t h\u00e0ng k\u00e9m ch\u1ea5t l\u01b0\u1ee3ng xu\u1ea5t hi\u1ec7n l\u00e0m cho kh\u00e1ch h\u00e0ng kh\u00f3 l\u00f2ng ph\u00e2n bi\u1ec7t \u0111\u01b0\u1ee3c h\u00e0ng th\u1eadt \u2013 h\u00e0ng gi\u1ea3. C\u00e1c b\u1ea1n c\u00f3 th\u1ec3 mua <strong>b\u0103ng d\u00ednh d\u00e1n s\u00e0n<\/strong> ch\u1ea5t l\u01b0\u1ee3ng t\u1ea1i C\u00f4ng ty Hanopro \u2013 n\u01a1i chuy\u00ean s\u1ea3n xu\u1ea5t v\u00e0 cung c\u1ea5p c\u00e1c lo\u1ea1i b\u0103ng d\u00ednh ch\u1ea5t l\u01b0\u1ee3ng gi\u00e1 th\u00e0nh t\u1ed1t.<\/p>\n<p>B\u0103ng d\u00ednh c\u1ea3nh b\u00e1o t\u1ea1i GHC H\u00e0 Nam c\u00f3 ch\u1ea5t l\u01b0\u1ee3ng t\u1ed1t b\u1edfi \u0111\u01b0\u1ee3c s\u1ea3n xu\u1ea5t d\u01b0\u1edbi h\u1ec7 th\u1ed1ng m\u00e1y m\u00f3c hi\u1ec7n \u0111\u1ea1i \u0111\u01b0\u1ee3c nh\u1eadp kh\u1ea9u c\u00f4ng ngh\u1ec7 ho\u00e0n to\u00e0n m\u1edbi t\u1eeb ch\u00e2u \u00c2u. Ch\u00fang lu\u00f4n \u0111\u01b0\u1ee3c ki\u1ec3m tra nghi\u00eam ng\u1eb7t qua c\u00e1c kh\u00e2u s\u1ea3n xu\u1ea5t b\u1edfi \u0111\u1ed9i ng\u0169 QC v\u00e0 tr\u01b0\u1edbc khi xu\u1ea5t khi th\u00ec \u0111\u01b0\u1ee3c b\u1ea3o qu\u1ea3n v\u1edbi m\u00f4i tr\u01b0\u1eddng t\u1ed1t nh\u1ea5t.<\/p>\n<p><em>&#8211; C\u1ea5u t\u1ea1o c\u1ee7a B\u0103ng d\u00ednh c\u1ea3nh b\u00e1o GHC g\u1ed3m:<\/em><\/p>\n<p>&#8211; L\u1edbp Keo b\u0103ng d\u00ednh: acrylic<\/p>\n<p>&#8211; Keo th\u01b0\u1eddng \u0111\u01b0\u1ee3c qu\u1ebft tr\u00ean v\u1eadt li\u1ec7u dai, m\u1ec1m kh\u00e1c nhau nh\u01b0: m\u00e0ng nh\u1ef1a BOPP, PVC\u2026<\/p>\n<p>&#8211; B\u1ec1 m\u1eb7t d\u00ednh: 1 m\u1eb7t<\/p>\n<p>&#8211; Chi\u1ec1u d\u00e0i: C\u00f3 th\u1ec3 s\u1ea3n xu\u1ea5t chi\u1ec1u d\u00e0i b\u0103ng d\u00ednh t\u00f9y thu\u1ed9c v\u00e0o y\u00eau c\u1ea7u c\u1ee7a t\u1eebng kh\u00e1ch h\u00e0ng.<\/p>\n<p>&#8211; Chi\u1ec1u r\u1ed9ng: Kh\u1ed5 r\u1ed9ng c\u1ee7a b\u0103ng d\u00ednh l\u00e0 4,8cm; chi\u1ec1u d\u00e0i theo y\u00eau c\u1ea7u kh\u00e1ch h\u00e0ng.<\/p>\n<p align=\"center\"><img loading=\"lazy\" decoding=\"async\" class=\"alignnone size-full wp-image-374\" src=\"https:\/\/bangkeohanam.com\/wp-content\/uploads\/2020\/10\/bang-dinh-canh-bao-1.jpg\" alt=\"\" width=\"663\" height=\"663\" \/><\/p>\n<p align=\"center\"><em>S\u1ea3n ph\u1ea9m b\u0103ng d\u00ednh c\u1ea3nh b\u00e1o t\u1ea1i GHC<\/em><\/p>\n<p><em>&#8211; Nh\u1eefng c\u00f4ng d\u1ee5ng c\u1ee7a b\u0103ng d\u00ednh c\u1ea3nh b\u00e1o<\/em><\/p>\n<p>+ D\u00f9ng c\u1ea3nh b\u00e1o nh\u1eefng khu v\u1ef1c nguy hi\u1ec3m<\/p>\n<p><strong>B\u0103ng d\u00ednh c\u1ea3nh b\u00e1o<\/strong> \u0111\u01b0\u1ee3c d\u00f9ng \u0111\u1ec3 c\u1ea3nh b\u00e1o nh\u1eefng khu v\u1ef1c nguy hi\u1ec3m, nh\u1eefng n\u01a1i c\u1ea7n l\u01b0u \u00fd, ho\u1eb7c khu v\u1ef1c h\u1ea1n ch\u1ebf trong nh\u00e0 m\u00e1y, kho b\u00e3i, b\u1ec7nh vi\u1ec7n\u2026 Ngo\u00e0i d\u00e1n n\u1ec1n ra th\u00ec ch\u00fang \u0111\u01b0\u1ee3c d\u00e1n th\u00e0nh bi\u1ec3n \u0111\u1ec3 \u0111\u00e1nh d\u1ea5u hay c\u1ea3nh b\u00e1o cho m\u1ecdi ng\u01b0\u1eddi bi\u1ebft \u0111\u00e2y l\u00e0 khu v\u1ef1c nguy hi\u1ec3m, hay khu v\u1ef1c c\u1ea5m \u0111i l\u1ea1i. b\u0103ng d\u00ednh c\u1ea3nh b\u00e1o s\u1eed d\u1ee5ng trong tr\u01b0\u1eddng h\u1ee3p n\u00e0y th\u01b0\u1eddng \u0111\u01b0\u1ee3c s\u1eed d\u1ee5ng l\u00e0 m\u00e0u s\u1ecdc \u0111en \u2013 v\u00e0ng.<\/p>\n<p align=\"center\"><em><img loading=\"lazy\" decoding=\"async\" class=\"alignnone size-full wp-image-375\" src=\"https:\/\/bangkeohanam.com\/wp-content\/uploads\/2020\/10\/bang-dinh-canh-bao-chat-luong.jpg\" alt=\"\" width=\"600\" height=\"450\" \/><\/em><\/p>\n<p align=\"center\"><em>B\u0103ng d\u00ednh c\u1ea3nh b\u00e1o \u0111\u01b0\u1ee3c d\u00f9ng c\u1ea3nh b\u00e1o nh\u1eefng n\u01a1i nguy hi\u1ec3m<\/em><\/p>\n<p>+ S\u1eed d\u1ee5ng ph\u00e2n chia khu v\u1ef1c trong c\u00e1c nh\u00e0 x\u01b0\u1edfng<\/p>\n<p>Trong c\u00e1c c\u00f4ng tr\u00ecnh x\u00e2y d\u1ef1ng, nh\u00e0 kho, b\u00e3i \u0111\u1ed7, c\u00e1c khu x\u01b0\u1edfng c\u00f4ng nghi\u1ec7p b\u0103ng d\u00ednh s\u1ebd \u0111\u01b0\u1ee3c d\u00e1n n\u1ec1n \u0111\u1ec3 ph\u00e2n chia khu v\u1ef1c. D\u1ec5 d\u00e0ng ph\u00e2n chia m\u1ed9t c\u00e1ch nhanh ch\u00f3ng v\u1edbi nhi\u1ec1u m\u00e0u s\u1eafc kh\u00e1c nhau \u0111\u1ec3 c\u00f4ng nh\u00e2n d\u1ec5 nh\u1eadn ra khu v\u1ef1c, t\u1eeb \u0111\u00f3 l\u00e0m vi\u1ec7c nhanh ch\u00f3ng v\u00e0 hi\u1ec7u qu\u1ea3. Hay trong c\u00e1c b\u00e3i \u0111\u1ed7 xe m\u1ecdi ng\u01b0\u1eddi s\u1ebd nh\u00ecn v\u1ea1ch d\u00e1n do b\u0103ng d\u00ednh tr\u00ean n\u1ec1n \u0111\u1ec3 ph\u00e2n bi\u1ec7t khu v\u1ef1c \u0111\u1ec3 xe, \u00f4 \u0111\u1ec3 xe cho g\u1ecdn g\u00e0ng \u0111\u00fang ch\u1ed7.<\/p>\n<h2>\u0110\u1ebfn v\u1edbi dhn H\u00e0 Nam c\u00e1c b\u1ea1n s\u1ebd c\u1ea3m nh\u1eadn \u0111\u01b0\u1ee3c s\u1ef1 l\u00e0m vi\u1ec7c chuy\u00ean nghi\u1ec7p c\u00f9ng v\u1edbi d\u1ecbch v\u1ee5 kh\u00e1ch h\u00e0ng t\u1ed1t v\u00e0 \u0111\u1eb7c bi\u1ec7t l\u00e0 s\u1ea3n ph\u1ea9m <strong>b\u0103ng d\u00ednh c\u1ea3nh b\u00e1o<\/strong> \u0111\u1ea3m b\u1ea3o ch\u1ea5t l\u01b0\u1ee3ng, uy t\u00edn.<\/h2>\n","protected":false},"excerpt":{"rendered":"<div class=\"product-short-description\">\n<ul>\n<li><strong>Xu\u1ea5t x\u1ee9: <\/strong>DHN TAPE H\u00e0 Nam<\/li>\n<li><strong>T\u00ecnh tr\u1ea1ng:<\/strong>C\u00f2n h\u00e0ng<\/li>\n<li><span style=\"color: #ed1c24;\"><strong>Gi\u00e1 b\u00e1n:<\/strong><span class=\"sell\"><strong> Li\u00ean h\u1ec7 ngay \u0111\u1ec3 \u0111\u01b0\u1ee3c gi\u00e1 t\u1ed1t<\/strong><\/span><\/li>\n<\/ul>\n<\/div>\n","protected":false},"featured_media":524,"comment_status":"closed","ping_status":"closed","template":"","meta":[],"class_list":{"0":"post-651","1":"product","2":"type-product","3":"status-publish","4":"has-post-thumbnail","6":"product_cat-classic","8":"first","9":"instock","10":"shipping-taxable","11":"product-type-simple"},"_links":{"self":[{"href":"https:\/\/bangkeohanam.com\/index.php?rest_route=\/wp\/v2\/product\/651","targetHints":{"allow":["GET"]}}],"collection":[{"href":"https:\/\/bangkeohanam.com\/index.php?rest_route=\/wp\/v2\/product"}],"about":[{"href":"https:\/\/bangkeohanam.com\/index.php?rest_route=\/wp\/v2\/types\/product"}],"replies":[{"embeddable":true,"href":"https:\/\/bangkeohanam.com\/index.php?rest_route=%2Fwp%2Fv2%2Fcomments&post=651"}],"version-history":[{"count":1,"href":"https:\/\/bangkeohanam.com\/index.php?rest_route=\/wp\/v2\/product\/651\/revisions"}],"predecessor-version":[{"id":679,"href":"https:\/\/bangkeohanam.com\/index.php?rest_route=\/wp\/v2\/product\/651\/revisions\/679"}],"wp:featuredmedia":[{"embeddable":true,"href":"https:\/\/bangkeohanam.com\/index.php?rest_route=\/wp\/v2\/media\/524"}],"wp:attachment":[{"href":"https:\/\/bangkeohanam.com\/index.php?rest_route=%2Fwp%2Fv2%2Fmedia&parent=651"}],"curies":[{"name":"wp","href":"https:\/\/api.w.org\/{rel}","templated":true}]}}