{"id":654,"date":"2023-03-13T13:52:20","date_gmt":"2023-03-13T13:52:20","guid":{"rendered":"https:\/\/bangkeohanam.com\/?post_type=product&#038;p=654"},"modified":"2023-08-30T14:05:58","modified_gmt":"2023-08-30T14:05:58","slug":"bang-dinh-2-mat-chiu-nhiet-2","status":"publish","type":"product","link":"https:\/\/bangkeohanam.com\/?product=bang-dinh-2-mat-chiu-nhiet-2","title":{"rendered":"B\u0103ng d\u00ednh 2 m\u1eb7t ch\u1ecbu nhi\u1ec7t"},"content":{"rendered":"<p><span style=\"color: #000000; font-family: Arial;\"><b>S\u1ea3n ph\u1ea9m B\u0103ng d\u00ednh 2 m\u1eb7t ch\u1ecbu nhi\u1ec7t \u0111\u01b0\u1ee3c GHC H\u00e0 Nam tr\u1ef1c ti\u1ebfp s\u1ea3n xu\u1ea5t<\/b><\/span><\/p>\n<p>B\u0103ng d\u00ednh 2 m\u1eb7t ch\u1ecbu nhi\u1ec7t c\u00f3 kh\u1ea3 n\u0103ng ch\u1ecbu nhi\u1ec7t \u0111\u1ed9 t\u1eeb 120 \u2013 250 \u0111\u1ed9 \u0111\u01b0\u1ee3c \u1ee9ng d\u1ee5ng trong c\u00f4ng nghi\u1ec7p in, s\u1ea5y \u0111\u01b0\u1ee3c GHC s\u1ea3n xu\u1ea5t tr\u1ef1c ti\u1ebfp tr\u00ean d\u00e2y chuy\u1ec1n hi\u1ec7n \u0111\u1ea1i, \u0111\u1ea3m b\u1ea3m \u0111\u1ed9 d\u00ednh \u1edf nhi\u1ec7t \u0111\u1ed9 cao.<\/p>\n<p><img loading=\"lazy\" decoding=\"async\" class=\"aligncenter wp-image-384 size-full\" src=\"https:\/\/bangkeoghc.com\/wp-content\/uploads\/2020\/10\/bang-dinh-2-mat-chiu-nhiet-1.jpg\" alt=\"\" width=\"1000\" height=\"1000\" \/><\/p>\n<p>Qu\u00ed kh\u00e1ch s\u1ebd c\u1ea3m nh\u1eadn \u0111\u01b0\u1ee3c s\u1ef1 chuy\u00ean nghi\u1ec7p, t\u1eadn t\u00ecnh v\u00e0 chu \u0111\u00e1o c\u1ee7a \u0111\u1ed9i ng\u0169 nh\u00e2n vi\u00ean, v\u1edbi gi\u00e1 c\u1ea3 c\u1ea1nh tranh.<\/p>\n<p>C\u00e1c s\u1ea3n ph\u1ea9m ch\u00ednh l\u00e0:<\/p>\n<p>B\u0103ng d\u00ednh \u0111\u00f3ng g\u00f3i, b\u0103ng d\u00ednh \u0111\u00f3ng th\u00f9ng, b\u0103ng d\u00ednh OPP.<br \/>\nB\u0103ng d\u00ednh hai m\u1eb7t.<br \/>\nB\u0103ng d\u00ednh \u0111i\u1ec7n, b\u0103ng d\u00ednh PVC .<br \/>\nB\u0103ng d\u00ednh gi\u1ea5y, b\u0103ng d\u00ednh s\u01a1n.<br \/>\nB\u0103ng d\u00ednh v\u0103n ph\u00f2ng ph\u1ea9m .<br \/>\nB\u0103ng d\u00ednh d\u00e1n n\u1ec1n, b\u0103ng d\u00ednh c\u1ea3nh b\u00e1o.<br \/>\nB\u0103ng d\u00ednh b\u1ea3o v\u1ec7 b\u1ec1 m\u1eb7t, b\u0103ng d\u00ednh d\u00e1n nh\u00f4m.<\/p>\n<p>Xin li\u00ean h\u1ec7 v\u1edbi ch\u00fang t\u00f4i \u0111\u1ec3 c\u00f3 \u0111\u01b0\u1ee3c gi\u00e1 c\u1ea3 t\u1ed1t nh\u1ea5t.<\/p>\n","protected":false},"excerpt":{"rendered":"<div class=\"product-short-description\">\n<ul>\n<li><strong>Xu\u1ea5t x\u1ee9: <\/strong>DHN TAPE H\u00e0 Nam<\/li>\n<li><strong>T\u00ecnh tr\u1ea1ng:<\/strong>C\u00f2n h\u00e0ng<\/li>\n<li><strong>Gi\u00e1 b\u00e1n: <\/strong><span class=\"sell\"><strong> Li\u00ean h\u1ec7 ngay \u0111\u1ec3 \u0111\u01b0\u1ee3c gi\u00e1 t\u1ed1t<\/strong><\/span><\/li>\n<\/ul>\n<\/div>\n","protected":false},"featured_media":530,"comment_status":"closed","ping_status":"closed","template":"","meta":[],"class_list":{"0":"post-654","1":"product","2":"type-product","3":"status-publish","4":"has-post-thumbnail","6":"product_cat-classic","7":"product_tag-bang-2-mat","9":"first","10":"instock","11":"shipping-taxable","12":"product-type-simple"},"_links":{"self":[{"href":"https:\/\/bangkeohanam.com\/index.php?rest_route=\/wp\/v2\/product\/654","targetHints":{"allow":["GET"]}}],"collection":[{"href":"https:\/\/bangkeohanam.com\/index.php?rest_route=\/wp\/v2\/product"}],"about":[{"href":"https:\/\/bangkeohanam.com\/index.php?rest_route=\/wp\/v2\/types\/product"}],"replies":[{"embeddable":true,"href":"https:\/\/bangkeohanam.com\/index.php?rest_route=%2Fwp%2Fv2%2Fcomments&post=654"}],"version-history":[{"count":1,"href":"https:\/\/bangkeohanam.com\/index.php?rest_route=\/wp\/v2\/product\/654\/revisions"}],"predecessor-version":[{"id":682,"href":"https:\/\/bangkeohanam.com\/index.php?rest_route=\/wp\/v2\/product\/654\/revisions\/682"}],"wp:featuredmedia":[{"embeddable":true,"href":"https:\/\/bangkeohanam.com\/index.php?rest_route=\/wp\/v2\/media\/530"}],"wp:attachment":[{"href":"https:\/\/bangkeohanam.com\/index.php?rest_route=%2Fwp%2Fv2%2Fmedia&parent=654"}],"curies":[{"name":"wp","href":"https:\/\/api.w.org\/{rel}","templated":true}]}}